{"id":2477,"date":"2021-07-26T12:08:04","date_gmt":"2021-07-26T12:08:04","guid":{"rendered":"https:\/\/aiguaregenerada.cat\/enllacos-dinteres\/"},"modified":"2026-02-10T09:54:08","modified_gmt":"2026-02-10T08:54:08","slug":"links","status":"publish","type":"page","link":"https:\/\/aiguaregenerada.cat\/en\/links\/","title":{"rendered":"Links"},"content":{"rendered":"\n<ul class=\"wp-block-list\">\n<li><a href=\"https:\/\/aedyr.com\/sobre-aedyr\/\" target=\"_blank\" rel=\"noreferrer noopener\">AEDyR<\/a>\u00a0(Asociaci\u00f3n Espa\u00f1ola de Desalaci\u00f3n y Reutilizaci\u00f3n).<\/li>\n\n\n\n<li><a href=\"http:\/\/aca.gencat.cat\/es\/inici\/\">Ag\u00e8ncia Catalana de l&#8217;Aigua <\/a>(ACA)<\/li>\n\n\n\n<li>Ag\u00e8ncia Catalana de l\u2019Aigua (2022). Demonstrative test of the reuse of reclaimed water at the ERA of Prat de Llobregat 2019.<\/li>\n\n\n\n<li><a href=\"https:\/\/www.asersagua.es\/\">ASERSA<\/a> (Asociaci\u00f3n espa\u00f1ola de Reutilizaci\u00f3n Sostenible del Agua)<\/li>\n\n\n\n<li><a href=\"https:\/\/eur-lex.europa.eu\/legal-content\/EN\/TXT\/?uri=CELEX:32015D0495\" type=\"link\" id=\"https:\/\/eur-lex.europa.eu\/legal-content\/EN\/TXT\/?uri=CELEX:32015D0495\" target=\"_blank\" rel=\"noreferrer noopener nofollow\">Execution Decision<\/a> (UE) 2015\/495 of the Commission, relating to the monitoring of substances on the watch list in accordance with the Water Framework Directive.<\/li>\n\n\n\n<li><a href=\"https:\/\/eur-lex.europa.eu\/legal-content\/EN\/TXT\/?uri=CELEX:32018D0840\" type=\"link\" id=\"https:\/\/eur-lex.europa.eu\/legal-content\/EN\/TXT\/?uri=CELEX:32018D0840\" target=\"_blank\" rel=\"noreferrer noopener nofollow\">Execution Decision<\/a> (UE) 2018\/840 of the Commission, which establishes the second watch list of emerging substances in the field of water policy.<\/li>\n\n\n\n<li><a href=\"https:\/\/eur-lex.europa.eu\/legal-content\/EN\/TXT\/?uri=CELEX:32020D1161\" type=\"link\" id=\"https:\/\/eur-lex.europa.eu\/legal-content\/EN\/TXT\/?uri=CELEX:32020D1161\" target=\"_blank\" rel=\"noreferrer noopener nofollow\">Implementation Decision (UE)<\/a> 2020\/1161 of the Commission, which establishes the third watch list pursuant to Directive 2008\/105\/EC.<\/li>\n\n\n\n<li><a href=\"https:\/\/eur-lex.europa.eu\/legal-content\/EN\/TXT\/?uri=CELEX:32022D1307\" type=\"link\" id=\"https:\/\/eur-lex.europa.eu\/legal-content\/EN\/TXT\/?uri=CELEX:32022D1307\" target=\"_blank\" rel=\"noreferrer noopener nofollow\">Execution Decision (UE)<\/a> 2022\/1307 of the Commission, which establishes the fourth watch list of substances for monitoring in the field of water policy.<\/li>\n\n\n\n<li><a href=\"https:\/\/eur-lex.europa.eu\/legal-content\/ES\/ALL\/?uri=CELEX:32025D0439\" type=\"link\" id=\"https:\/\/eur-lex.europa.eu\/legal-content\/ES\/ALL\/?uri=CELEX:32025D0439\" target=\"_blank\" rel=\"noreferrer noopener nofollow\">Implementation Decision <\/a>(UE) 2025\/439 of the Commission, by which a list of substances is established for monitoring purposes at Union level in the field of water policy, in accordance with Directive 2008\/105\/EC of the European Parliament and of the Council.<\/li>\n\n\n\n<li><a href=\"https:\/\/portaljuridic.gencat.cat\/ca\/document-del-pjur\/?documentId=960619\" type=\"link\" id=\"https:\/\/portaljuridic.gencat.cat\/ca\/document-del-pjur\/?documentId=960619\" target=\"_blank\" rel=\"noreferrer noopener nofollow\">Decree 91\/2023<\/a>, of the Generalitat of Catalonia, which approves the Management Plan for the River Basin District of Catalonia 2022-2027.<\/li>\n\n\n\n<li><a href=\"https:\/\/eur-lex.europa.eu\/legal-content\/EN\/TXT\/?uri=CELEX:32024L3019\" type=\"link\" id=\"https:\/\/eur-lex.europa.eu\/legal-content\/EN\/TXT\/?uri=CELEX:32024L3019\" target=\"_blank\" rel=\"noreferrer noopener nofollow\">Directive 2024\/3019 (Directive (EU) <\/a>2024\/3019 of the European Parliament and of the Council, relating to the quality of water intended for human consumption).<\/li>\n\n\n\n<li><a href=\"https:\/\/eur-lex.europa.eu\/resource.html?uri=cellar:d0c11ba6-55f8-11ed-92ed-01aa75ed71a1.0021.02\/DOC_1&amp;format=PDF\" type=\"link\" id=\"https:\/\/eur-lex.europa.eu\/resource.html?uri=cellar:d0c11ba6-55f8-11ed-92ed-01aa75ed71a1.0021.02\/DOC_1&amp;format=PDF\">Propuesta de Directiva sobre tratamiento de aguas residuales urbanas<\/a>. COM(2022)540 FINAL Annexes.<\/li>\n\n\n\n<li><a href=\"https:\/\/www.govinfo.gov\/content\/pkg\/CFR-2019-title40-vol24\/pdf\/CFR-2019-title40-vol24-part131.pdf\" target=\"_blank\" rel=\"noreferrer noopener\">EPA<\/a>\u00a0(Safe Drinking Water Act &#8211; 2019)<\/li>\n\n\n\n<li><a href=\"https:\/\/www.epa.gov\/sites\/production\/files\/2019-08\/documents\/2012-guidelines-water-reuse.pdf\" target=\"_blank\" rel=\"noreferrer noopener\">EPA<\/a>\u00a0(Guidelines for Water Reuse -2012)<\/li>\n\n\n\n<li><a href=\"https:\/\/www.lga.sa.gov.au\/__data\/assets\/pdf_file\/0022\/554701\/Australian-Guidelines-for-Water-Recycling-AGWR-Managing-Health-and-Environmental-Risks-Phase-1-2006.pdf\" target=\"_blank\" rel=\"noreferrer noopener\">Govern d\u2019Austr\u00e0lia<\/a>\u00a0(Water Recycling Guidelines Phase 1 \u2013 Health and Environmental Risks &#8211; 2006)<\/li>\n\n\n\n<li><a href=\"https:\/\/www.nhmrc.gov.au\/about-us\/publications\/australian-guidelines-water-recycling#block-views-block-file-attachments-content-block-1\" target=\"_blank\" rel=\"noreferrer noopener\">Govern d\u2019Austr\u00e0lia<\/a>\u00a0(Water Recycling Guidelines Phase 2 \u2013\u00a0 Augmentation of Water Supplies &#8211; 2008)<\/li>\n\n\n\n<li><a href=\"https:\/\/govt.westlaw.com\/calregs\/Browse\/Home\/California\/CaliforniaCodeofRegulations?guid=IE6E81020D4B911DE8879F88E8B0DAAAE&amp;originationContext=documenttoc&amp;transitionType=Default&amp;contextData=(sc.Default)\" target=\"_blank\" rel=\"noreferrer noopener\">Govern de Calif\u00f2rnia<\/a>\u00a0(California Code of Regulations &#8211; 2018)<\/li>\n\n\n\n<li><a href=\"https:\/\/www.hotspotreuse.com\/\" target=\"_blank\" rel=\"noreferrer noopener\">Hot Spot Reuse<\/a>\u00a0(Plataforma Hot Spot Reuse de projectes de reutilitzaci\u00f3).<\/li>\n\n\n\n<li><a href=\"http:\/\/www.arpat.toscana.it\/notizie\/arpatnews\/2010\/035-relazioni\/035-DM-185-2003.pdf\" target=\"_blank\" rel=\"noreferrer noopener\">Ministro della Transizione Ecologica<\/a>\u00a0(Decret de reutilitzaci\u00f3 d\u2019aigua a It\u00e0lia \u2013 versi\u00f3 en Itali\u00e0 &#8211; 2003).<\/li>\n\n\n\n<li><a href=\"http:\/\/www.plataformaagua.org\/\" target=\"_blank\" rel=\"noreferrer noopener\">PTEA<\/a>\u00a0(Plataforma Tecnol\u00f3gica Espa\u00f1ola del Agua).<\/li>\n\n\n\n<li><a href=\"https:\/\/www.boe.es\/eli\/es\/rd\/2024\/10\/22\/1085\" type=\"link\" id=\"https:\/\/www.boe.es\/eli\/es\/rd\/2024\/10\/22\/1085\">Royal Decree 1085\/2024<\/a>, of October 22, approving the Water Reuse Regulation and amending several Royal Decrees on water management. <\/li>\n\n\n\n<li><a href=\"https:\/\/www.boe.es\/buscar\/act.php?id=BOE-A-2023-628\" type=\"link\" id=\"https:\/\/www.boe.es\/buscar\/act.php?id=BOE-A-2023-628\" target=\"_blank\" rel=\"noreferrer noopener nofollow\">Royal Decree 3\/2023<\/a>, of January 10, which establishes the technical and sanitary criteria for the quality of drinking water, its control and supply. <\/li>\n\n\n\n<li><a href=\"https:\/\/www.boe.es\/eli\/es\/rd\/2023\/07\/18\/665\" type=\"link\" id=\"https:\/\/www.boe.es\/eli\/es\/rd\/2023\/07\/18\/665\">Royal Decree 665\/2023<\/a>, of July 18, which modifies the Regulation of the Public Hydraulic Domain, approved by Royal Decree 849\/1986, and other water regulations. \u00b7<\/li>\n\n\n\n<li><a href=\"https:\/\/www.boe.es\/eli\/es\/rd\/2015\/09\/11\/817\" type=\"link\" id=\"https:\/\/www.boe.es\/eli\/es\/rd\/2015\/09\/11\/817\" target=\"_blank\" rel=\"noreferrer noopener nofollow\">Royal Decree 817\/2015<\/a>, of September 11, establishing the criteria for monitoring and evaluating the state of surface waters and environmental quality standards.<\/li>\n\n\n\n<li><a href=\"https:\/\/salutpublica.gencat.cat\/ca\/ambits\/proteccio_salut\/reutilitzacio_aigues_regenerades\/\">Salut P\u00fablica<\/a> (Generalitat de Catalunya)<\/li>\n\n\n\n<li><a href=\"https:\/\/www.boe.es\/doue\/2020\/177\/L00032-00055.pdf\" target=\"_blank\" rel=\"noreferrer noopener\">UE 2020\/741<\/a>\u00a0(Requisits m\u00ednims per a la reutilitzaci\u00f3 d\u2019aigua a Europa &#8211; 2020).<\/li>\n\n\n\n<li><a href=\"https:\/\/www.water-reuse-europe.org\/\" target=\"_blank\" rel=\"noreferrer noopener\">WRE<\/a>\u00a0(Water Reuse Europe).<\/li>\n<\/ul>\n","protected":false},"excerpt":{"rendered":"<p>AEDyR\u00a0(Asociaci\u00f3n Espa\u00f1ola de Desalaci\u00f3n y Reutilizaci\u00f3n). Ag\u00e8ncia Catalana de l&#8217;Aigua (ACA) Ag\u00e8ncia Catalana de l\u2019Aigua (2022). Demonstrative test of the reuse of reclaimed water at the ERA of Prat de Llobregat 2019. ASERSA (Asociaci\u00f3n espa\u00f1ola de Reutilizaci\u00f3n Sostenible del Agua) Execution Decision (UE) 2015\/495 of the Commission, relating to the monitoring of substances on the&hellip;<\/p>\n","protected":false},"author":4,"featured_media":0,"parent":0,"menu_order":0,"comment_status":"closed","ping_status":"closed","template":"","meta":{"footnotes":""},"class_list":["post-2477","page","type-page","status-publish","hentry","description-off"],"yoast_head":"<!-- This site is optimized with the Yoast SEO plugin v27.4 - https:\/\/yoast.com\/product\/yoast-seo-wordpress\/ -->\n<title>Links - aiguaregenerada<\/title>\n<meta name=\"robots\" content=\"index, follow, max-snippet:-1, max-image-preview:large, max-video-preview:-1\" \/>\n<link rel=\"canonical\" href=\"https:\/\/aiguaregenerada.cat\/en\/links\/\" \/>\n<meta property=\"og:locale\" content=\"en_US\" \/>\n<meta property=\"og:type\" content=\"article\" \/>\n<meta property=\"og:title\" content=\"Links - aiguaregenerada\" \/>\n<meta property=\"og:url\" content=\"https:\/\/aiguaregenerada.cat\/en\/links\/\" \/>\n<meta property=\"og:site_name\" content=\"aiguaregenerada\" \/>\n<meta property=\"article:modified_time\" content=\"2026-02-10T08:54:08+00:00\" \/>\n<meta name=\"twitter:card\" content=\"summary_large_image\" \/>\n<meta name=\"twitter:label1\" content=\"Est. reading time\" \/>\n\t<meta name=\"twitter:data1\" content=\"3 minutes\" \/>\n<script type=\"application\/ld+json\" class=\"yoast-schema-graph\">{\"@context\":\"https:\\\/\\\/schema.org\",\"@graph\":[{\"@type\":\"WebPage\",\"@id\":\"https:\\\/\\\/aiguaregenerada.cat\\\/en\\\/links\\\/\",\"url\":\"https:\\\/\\\/aiguaregenerada.cat\\\/en\\\/links\\\/\",\"name\":\"Links - aiguaregenerada\",\"isPartOf\":{\"@id\":\"https:\\\/\\\/aiguaregenerada.cat\\\/#website\"},\"datePublished\":\"2021-07-26T12:08:04+00:00\",\"dateModified\":\"2026-02-10T08:54:08+00:00\",\"breadcrumb\":{\"@id\":\"https:\\\/\\\/aiguaregenerada.cat\\\/en\\\/links\\\/#breadcrumb\"},\"inLanguage\":\"en-US\",\"potentialAction\":[{\"@type\":\"ReadAction\",\"target\":[\"https:\\\/\\\/aiguaregenerada.cat\\\/en\\\/links\\\/\"]}]},{\"@type\":\"BreadcrumbList\",\"@id\":\"https:\\\/\\\/aiguaregenerada.cat\\\/en\\\/links\\\/#breadcrumb\",\"itemListElement\":[{\"@type\":\"ListItem\",\"position\":1,\"name\":\"Inici\",\"item\":\"https:\\\/\\\/aiguaregenerada.cat\\\/en\\\/\"},{\"@type\":\"ListItem\",\"position\":2,\"name\":\"Links\"}]},{\"@type\":\"WebSite\",\"@id\":\"https:\\\/\\\/aiguaregenerada.cat\\\/#website\",\"url\":\"https:\\\/\\\/aiguaregenerada.cat\\\/\",\"name\":\"aiguaregenerada\",\"description\":\"aiguaregenerada\",\"potentialAction\":[{\"@type\":\"SearchAction\",\"target\":{\"@type\":\"EntryPoint\",\"urlTemplate\":\"https:\\\/\\\/aiguaregenerada.cat\\\/?s={search_term_string}\"},\"query-input\":{\"@type\":\"PropertyValueSpecification\",\"valueRequired\":true,\"valueName\":\"search_term_string\"}}],\"inLanguage\":\"en-US\"}]}<\/script>\n<!-- \/ Yoast SEO plugin. -->","yoast_head_json":{"title":"Links - aiguaregenerada","robots":{"index":"index","follow":"follow","max-snippet":"max-snippet:-1","max-image-preview":"max-image-preview:large","max-video-preview":"max-video-preview:-1"},"canonical":"https:\/\/aiguaregenerada.cat\/en\/links\/","og_locale":"en_US","og_type":"article","og_title":"Links - aiguaregenerada","og_url":"https:\/\/aiguaregenerada.cat\/en\/links\/","og_site_name":"aiguaregenerada","article_modified_time":"2026-02-10T08:54:08+00:00","twitter_card":"summary_large_image","twitter_misc":{"Est. reading time":"3 minutes"},"schema":{"@context":"https:\/\/schema.org","@graph":[{"@type":"WebPage","@id":"https:\/\/aiguaregenerada.cat\/en\/links\/","url":"https:\/\/aiguaregenerada.cat\/en\/links\/","name":"Links - aiguaregenerada","isPartOf":{"@id":"https:\/\/aiguaregenerada.cat\/#website"},"datePublished":"2021-07-26T12:08:04+00:00","dateModified":"2026-02-10T08:54:08+00:00","breadcrumb":{"@id":"https:\/\/aiguaregenerada.cat\/en\/links\/#breadcrumb"},"inLanguage":"en-US","potentialAction":[{"@type":"ReadAction","target":["https:\/\/aiguaregenerada.cat\/en\/links\/"]}]},{"@type":"BreadcrumbList","@id":"https:\/\/aiguaregenerada.cat\/en\/links\/#breadcrumb","itemListElement":[{"@type":"ListItem","position":1,"name":"Inici","item":"https:\/\/aiguaregenerada.cat\/en\/"},{"@type":"ListItem","position":2,"name":"Links"}]},{"@type":"WebSite","@id":"https:\/\/aiguaregenerada.cat\/#website","url":"https:\/\/aiguaregenerada.cat\/","name":"aiguaregenerada","description":"aiguaregenerada","potentialAction":[{"@type":"SearchAction","target":{"@type":"EntryPoint","urlTemplate":"https:\/\/aiguaregenerada.cat\/?s={search_term_string}"},"query-input":{"@type":"PropertyValueSpecification","valueRequired":true,"valueName":"search_term_string"}}],"inLanguage":"en-US"}]}},"_links":{"self":[{"href":"https:\/\/aiguaregenerada.cat\/en\/wp-json\/wp\/v2\/pages\/2477","targetHints":{"allow":["GET"]}}],"collection":[{"href":"https:\/\/aiguaregenerada.cat\/en\/wp-json\/wp\/v2\/pages"}],"about":[{"href":"https:\/\/aiguaregenerada.cat\/en\/wp-json\/wp\/v2\/types\/page"}],"author":[{"embeddable":true,"href":"https:\/\/aiguaregenerada.cat\/en\/wp-json\/wp\/v2\/users\/4"}],"replies":[{"embeddable":true,"href":"https:\/\/aiguaregenerada.cat\/en\/wp-json\/wp\/v2\/comments?post=2477"}],"version-history":[{"count":1,"href":"https:\/\/aiguaregenerada.cat\/en\/wp-json\/wp\/v2\/pages\/2477\/revisions"}],"predecessor-version":[{"id":5885,"href":"https:\/\/aiguaregenerada.cat\/en\/wp-json\/wp\/v2\/pages\/2477\/revisions\/5885"}],"wp:attachment":[{"href":"https:\/\/aiguaregenerada.cat\/en\/wp-json\/wp\/v2\/media?parent=2477"}],"curies":[{"name":"wp","href":"https:\/\/api.w.org\/{rel}","templated":true}]}}