{"id":2485,"date":"2021-03-11T15:50:00","date_gmt":"2021-03-11T15:50:00","guid":{"rendered":"https:\/\/aiguaregenerada.cat\/publicacions-del-projecte\/"},"modified":"2022-08-05T09:44:12","modified_gmt":"2022-08-05T07:44:12","slug":"project-publications-2","status":"publish","type":"page","link":"https:\/\/aiguaregenerada.cat\/en\/project-publications-2\/","title":{"rendered":"Project publications"},"content":{"rendered":"<div class=\"wpb-content-wrapper\"><p>[vc_row][vc_column css=&#8221;.vc_custom_1659599529691{margin-bottom: 32px !important;}&#8221;][vc_column_text]Here you will find the latest publications on the publications of the SUGGEREIX project.[\/vc_column_text][\/vc_column][\/vc_row][vc_row][vc_column]<div class=\"standard-arrow list-divider bullet-top\"><ul>\n<li><a href=\"https:\/\/aiguaregenerada.cat\/wp-content\/uploads\/2021\/04\/20210129_Triptic-SUGGEREIX_DEF.pdf\">Triptic del projecte SUGGEREIX<\/a><\/li>\n<li><a href=\"https:\/\/aiguaregenerada.cat\/wp-content\/uploads\/2021\/07\/PLAFO_SUGGEREIX_DEF.pdf\">Plaf\u00f3 del projecte SUGGEREIX<\/a><\/li>\n<li><a href=\"https:\/\/aiguaregenerada.cat\/wp-content\/uploads\/2021\/07\/LL1.1_Base-dades-casos-reutilitzacio%CC%81-SUGGEREIX_DEF-3.xlsx\">LL1.1 Bases de dades de casos de reutilitzaci\u00f3<\/a><\/li>\n<li><a href=\"https:\/\/aiguaregenerada.cat\/wp-content\/uploads\/2021\/04\/20210319_Taula-Normatives-SUGGEREIX_DEF-1.xlsx\">LL1.2 Taula comparativa de normatives de reutilitzaci\u00f3<\/a><\/li>\n<li><a href=\"https:\/\/aiguaregenerada.cat\/wp-content\/uploads\/2022\/07\/Lliurables_Suggereix.pdf\"><span lang=\"ca\">PT2: Identificaci\u00f3 i monitoratge de contaminants en esquemes de reutilitzaci\u00f3 (PDF+ excel)<\/span><\/a><\/li>\n<li><a href=\"https:\/\/aiguaregenerada.cat\/wp-content\/uploads\/2022\/07\/Lliurables_Suggereix.pdf\"><span lang=\"ca\">PT3: Metodologia d\u2019an\u00e0lisi de risc de la guia de reutilitzaci\u00f3 del PT5 (PDF de mem\u00f2ria+ annexes)<\/span><\/a><\/li>\n<li><a href=\"https:\/\/aiguaregenerada.cat\/wp-content\/uploads\/2022\/07\/Lliurables_Suggereix.pdf\"><span lang=\"ca\">PT4: Sistemes de tractament (PDF + 2 annexes)<\/span><\/a><\/li>\n<li><a href=\"https:\/\/aiguaregenerada.cat\/wp-content\/uploads\/2022\/08\/SUGGEREIX_Lliurable-PT5_20220708.pdf\">PT5: SUGGEREIX: Sistema d\u2019ajuda a la decisi\u00f3 per a la implementaci\u00f3 i gesti\u00f3 de la reutilitzaci\u00f3<\/a><\/li>\n<li><a href=\"https:\/\/aiguaregenerada.cat\/wp-content\/uploads\/2022\/08\/SUGGEREIX_Lliurable-PT6_20220711.pdf\">PT6: Informe sobre la validaci\u00f3 del SAD en tres casos representatius (PDF de mem\u00f2ria + annexes)<\/a><\/li>\n<li><a href=\"https:\/\/aiguaregenerada.cat\/wp-content\/uploads\/2022\/08\/SUGGEREIX_ANNEX_Guia-reutilitzacio_20220722.pdf\">LL7.3 Guia pr\u00e0ctica de reutilitzaci\u00f3 ANNEXES (PDF de mem\u00f2ria + annexes)<\/a><\/li>\n<\/ul>\n<\/div>[\/vc_column][\/vc_row]<\/p>\n<\/div>","protected":false},"excerpt":{"rendered":"<p>[vc_row][vc_column css=&#8221;.vc_custom_1659599529691{margin-bottom: 32px !important;}&#8221;][vc_column_text]Here you will find the latest publications on the publications of the SUGGEREIX project.[\/vc_column_text][\/vc_column][\/vc_row][vc_row][vc_column][\/vc_column][\/vc_row]<\/p>\n","protected":false},"author":4,"featured_media":0,"parent":0,"menu_order":0,"comment_status":"closed","ping_status":"closed","template":"","meta":{"footnotes":""},"class_list":["post-2485","page","type-page","status-publish","hentry","description-off"],"yoast_head":"<!-- This site is optimized with the Yoast SEO plugin v27.4 - https:\/\/yoast.com\/product\/yoast-seo-wordpress\/ -->\n<title>Project publications - aiguaregenerada<\/title>\n<meta name=\"robots\" content=\"index, follow, max-snippet:-1, max-image-preview:large, max-video-preview:-1\" \/>\n<link rel=\"canonical\" href=\"https:\/\/aiguaregenerada.cat\/en\/project-publications-2\/\" \/>\n<meta property=\"og:locale\" content=\"en_US\" \/>\n<meta property=\"og:type\" content=\"article\" \/>\n<meta property=\"og:title\" content=\"Project publications - aiguaregenerada\" \/>\n<meta property=\"og:description\" content=\"[vc_row][vc_column css=&#8221;.vc_custom_1659599529691{margin-bottom: 32px !important;}&#8221;][vc_column_text]Here you will find the latest publications on the publications of the SUGGEREIX project.[\/vc_column_text][\/vc_column][\/vc_row][vc_row][vc_column][\/vc_column][\/vc_row]\" \/>\n<meta property=\"og:url\" content=\"https:\/\/aiguaregenerada.cat\/en\/project-publications-2\/\" \/>\n<meta property=\"og:site_name\" content=\"aiguaregenerada\" \/>\n<meta property=\"article:modified_time\" content=\"2022-08-05T07:44:12+00:00\" \/>\n<meta name=\"twitter:card\" content=\"summary_large_image\" \/>\n<meta name=\"twitter:label1\" content=\"Est. reading time\" \/>\n\t<meta name=\"twitter:data1\" content=\"1 minute\" \/>\n<script type=\"application\/ld+json\" class=\"yoast-schema-graph\">{\"@context\":\"https:\\\/\\\/schema.org\",\"@graph\":[{\"@type\":\"WebPage\",\"@id\":\"https:\\\/\\\/aiguaregenerada.cat\\\/en\\\/project-publications-2\\\/\",\"url\":\"https:\\\/\\\/aiguaregenerada.cat\\\/en\\\/project-publications-2\\\/\",\"name\":\"Project publications - aiguaregenerada\",\"isPartOf\":{\"@id\":\"https:\\\/\\\/aiguaregenerada.cat\\\/#website\"},\"datePublished\":\"2021-03-11T15:50:00+00:00\",\"dateModified\":\"2022-08-05T07:44:12+00:00\",\"breadcrumb\":{\"@id\":\"https:\\\/\\\/aiguaregenerada.cat\\\/en\\\/project-publications-2\\\/#breadcrumb\"},\"inLanguage\":\"en-US\",\"potentialAction\":[{\"@type\":\"ReadAction\",\"target\":[\"https:\\\/\\\/aiguaregenerada.cat\\\/en\\\/project-publications-2\\\/\"]}]},{\"@type\":\"BreadcrumbList\",\"@id\":\"https:\\\/\\\/aiguaregenerada.cat\\\/en\\\/project-publications-2\\\/#breadcrumb\",\"itemListElement\":[{\"@type\":\"ListItem\",\"position\":1,\"name\":\"Inici\",\"item\":\"https:\\\/\\\/aiguaregenerada.cat\\\/en\\\/\"},{\"@type\":\"ListItem\",\"position\":2,\"name\":\"Project publications\"}]},{\"@type\":\"WebSite\",\"@id\":\"https:\\\/\\\/aiguaregenerada.cat\\\/#website\",\"url\":\"https:\\\/\\\/aiguaregenerada.cat\\\/\",\"name\":\"aiguaregenerada\",\"description\":\"aiguaregenerada\",\"potentialAction\":[{\"@type\":\"SearchAction\",\"target\":{\"@type\":\"EntryPoint\",\"urlTemplate\":\"https:\\\/\\\/aiguaregenerada.cat\\\/?s={search_term_string}\"},\"query-input\":{\"@type\":\"PropertyValueSpecification\",\"valueRequired\":true,\"valueName\":\"search_term_string\"}}],\"inLanguage\":\"en-US\"}]}<\/script>\n<!-- \/ Yoast SEO plugin. -->","yoast_head_json":{"title":"Project publications - aiguaregenerada","robots":{"index":"index","follow":"follow","max-snippet":"max-snippet:-1","max-image-preview":"max-image-preview:large","max-video-preview":"max-video-preview:-1"},"canonical":"https:\/\/aiguaregenerada.cat\/en\/project-publications-2\/","og_locale":"en_US","og_type":"article","og_title":"Project publications - aiguaregenerada","og_description":"[vc_row][vc_column css=&#8221;.vc_custom_1659599529691{margin-bottom: 32px !important;}&#8221;][vc_column_text]Here you will find the latest publications on the publications of the SUGGEREIX project.[\/vc_column_text][\/vc_column][\/vc_row][vc_row][vc_column][\/vc_column][\/vc_row]","og_url":"https:\/\/aiguaregenerada.cat\/en\/project-publications-2\/","og_site_name":"aiguaregenerada","article_modified_time":"2022-08-05T07:44:12+00:00","twitter_card":"summary_large_image","twitter_misc":{"Est. reading time":"1 minute"},"schema":{"@context":"https:\/\/schema.org","@graph":[{"@type":"WebPage","@id":"https:\/\/aiguaregenerada.cat\/en\/project-publications-2\/","url":"https:\/\/aiguaregenerada.cat\/en\/project-publications-2\/","name":"Project publications - aiguaregenerada","isPartOf":{"@id":"https:\/\/aiguaregenerada.cat\/#website"},"datePublished":"2021-03-11T15:50:00+00:00","dateModified":"2022-08-05T07:44:12+00:00","breadcrumb":{"@id":"https:\/\/aiguaregenerada.cat\/en\/project-publications-2\/#breadcrumb"},"inLanguage":"en-US","potentialAction":[{"@type":"ReadAction","target":["https:\/\/aiguaregenerada.cat\/en\/project-publications-2\/"]}]},{"@type":"BreadcrumbList","@id":"https:\/\/aiguaregenerada.cat\/en\/project-publications-2\/#breadcrumb","itemListElement":[{"@type":"ListItem","position":1,"name":"Inici","item":"https:\/\/aiguaregenerada.cat\/en\/"},{"@type":"ListItem","position":2,"name":"Project publications"}]},{"@type":"WebSite","@id":"https:\/\/aiguaregenerada.cat\/#website","url":"https:\/\/aiguaregenerada.cat\/","name":"aiguaregenerada","description":"aiguaregenerada","potentialAction":[{"@type":"SearchAction","target":{"@type":"EntryPoint","urlTemplate":"https:\/\/aiguaregenerada.cat\/?s={search_term_string}"},"query-input":{"@type":"PropertyValueSpecification","valueRequired":true,"valueName":"search_term_string"}}],"inLanguage":"en-US"}]}},"_links":{"self":[{"href":"https:\/\/aiguaregenerada.cat\/en\/wp-json\/wp\/v2\/pages\/2485","targetHints":{"allow":["GET"]}}],"collection":[{"href":"https:\/\/aiguaregenerada.cat\/en\/wp-json\/wp\/v2\/pages"}],"about":[{"href":"https:\/\/aiguaregenerada.cat\/en\/wp-json\/wp\/v2\/types\/page"}],"author":[{"embeddable":true,"href":"https:\/\/aiguaregenerada.cat\/en\/wp-json\/wp\/v2\/users\/4"}],"replies":[{"embeddable":true,"href":"https:\/\/aiguaregenerada.cat\/en\/wp-json\/wp\/v2\/comments?post=2485"}],"version-history":[{"count":2,"href":"https:\/\/aiguaregenerada.cat\/en\/wp-json\/wp\/v2\/pages\/2485\/revisions"}],"predecessor-version":[{"id":3106,"href":"https:\/\/aiguaregenerada.cat\/en\/wp-json\/wp\/v2\/pages\/2485\/revisions\/3106"}],"wp:attachment":[{"href":"https:\/\/aiguaregenerada.cat\/en\/wp-json\/wp\/v2\/media?parent=2485"}],"curies":[{"name":"wp","href":"https:\/\/api.w.org\/{rel}","templated":true}]}}