{"id":2528,"date":"2021-07-26T12:08:04","date_gmt":"2021-07-26T12:08:04","guid":{"rendered":"https:\/\/aiguaregenerada.cat\/enllacos-dinteres\/"},"modified":"2026-02-09T11:15:36","modified_gmt":"2026-02-09T10:15:36","slug":"enlaces-de-interes","status":"publish","type":"page","link":"https:\/\/aiguaregenerada.cat\/es\/enlaces-de-interes\/","title":{"rendered":"Enlaces de inter\u00e9s"},"content":{"rendered":"\n<ul class=\"wp-block-list\">\n<li><a href=\"https:\/\/aedyr.com\/sobre-aedyr\/\" target=\"_blank\" rel=\"noreferrer noopener\">AEDyR<\/a>\u00a0(Asociaci\u00f3n Espa\u00f1ola de Desalaci\u00f3n y Reutilizaci\u00f3n).<\/li>\n\n\n\n<li><a href=\"http:\/\/aca.gencat.cat\/es\/inici\/\">Ag\u00e8ncia Catalana de l&#8217;Aigua <\/a>(ACA)<\/li>\n\n\n\n<li><a href=\"https:\/\/aca.gencat.cat\/web\/.content\/10_ACA\/J_Publicacions\/07-estudis-informes\/35-prova-reutilitzacio-ERA-Prat-Llobregat.pdf\" type=\"link\" id=\"https:\/\/aca.gencat.cat\/web\/.content\/10_ACA\/J_Publicacions\/07-estudis-informes\/35-prova-reutilitzacio-ERA-Prat-Llobregat.pdf\">Ag\u00e8ncia Catalana de l\u2019Aigua<\/a> (2022). Prova demostrativa de reutilitzaci\u00f3 d\u2019aigua regenerada a l\u2019ERA del Prat de Llobregat 2019.<\/li>\n\n\n\n<li><a href=\"https:\/\/www.asersagua.es\/\">ASERSA<\/a> (Asociaci\u00f3n espa\u00f1ola de Reutilizaci\u00f3n Sostenible del Agua).<\/li>\n\n\n\n<li><a href=\"https:\/\/eur-lex.europa.eu\/legal-content\/EN\/TXT\/?uri=CELEX:32015D0495\" type=\"link\" id=\"https:\/\/eur-lex.europa.eu\/legal-content\/EN\/TXT\/?uri=CELEX:32015D0495\">Decisi\u00f3n de Ejecuci\u00f3n (UE) 2015\/495 de la Comisi\u00f3n<\/a>, relativa a la vigilancia de sustancias de la lista de observaci\u00f3n con arreglo a la Directiva marco del agua.<\/li>\n\n\n\n<li><a href=\"https:\/\/eur-lex.europa.eu\/legal-content\/EN\/TXT\/?uri=CELEX:32020D1161\" type=\"link\" id=\"https:\/\/eur-lex.europa.eu\/legal-content\/EN\/TXT\/?uri=CELEX:32020D1161\">Decisi\u00f3n de Ejecuci\u00f3n (UE) 2018\/840 de la Comisi\u00f3n<\/a>, por la que se establece la segunda lista de observaci\u00f3n de sustancias emergentes en el \u00e1mbito de la pol\u00edtica de aguas.<\/li>\n\n\n\n<li><a href=\"https:\/\/eur-lex.europa.eu\/legal-content\/EN\/TXT\/?uri=CELEX:32020D1161\" type=\"link\" id=\"https:\/\/eur-lex.europa.eu\/legal-content\/EN\/TXT\/?uri=CELEX:32020D1161\">Decisi\u00f3n de Ejecuci\u00f3n (UE) 2020\/1161 de la Comisi\u00f3n<\/a>, que establece la tercera lista de observaci\u00f3n con arreglo a la Directiva 2008\/105\/CE.<\/li>\n\n\n\n<li><a href=\"https:\/\/eur-lex.europa.eu\/legal-content\/EN\/TXT\/?uri=CELEX:32022D1307\" type=\"link\" id=\"https:\/\/eur-lex.europa.eu\/legal-content\/EN\/TXT\/?uri=CELEX:32022D1307\">Decisi\u00f3n de Ejecuci\u00f3n (UE) 2022\/1307 de la Comisi\u00f3n<\/a>, que establece la cuarta lista de observaci\u00f3n de sustancias para la vigilancia en el \u00e1mbito de la pol\u00edtica de aguas.<\/li>\n\n\n\n<li><a href=\"https:\/\/eur-lex.europa.eu\/legal-content\/ES\/ALL\/?uri=CELEX:32025D0439\" type=\"link\" id=\"https:\/\/eur-lex.europa.eu\/legal-content\/ES\/ALL\/?uri=CELEX:32025D0439\">Decisi\u00f3n de Ejecuci\u00f3n (UE) 2025\/439 de la Comisi\u00f3n<\/a>, por la que se establece una lista de observaci\u00f3n de sustancias a efectos de seguimiento a nivel de la Uni\u00f3n en el \u00e1mbito de la pol\u00edtica de aguas, de conformidad con la Directiva 2008\/105\/CE del Parlamento Europeo y del Consejo.<\/li>\n\n\n\n<li><a href=\"https:\/\/portaljuridic.gencat.cat\/ca\/document-del-pjur\/?documentId=960619\" type=\"link\" id=\"https:\/\/portaljuridic.gencat.cat\/ca\/document-del-pjur\/?documentId=960619\">Decret 91\/2023<\/a>, de la Generalitat de Catalunya, pel qual s\u2019aprova el Pla de gesti\u00f3 del districte de conca fluvial de Catalunya 2022-2027.<\/li>\n\n\n\n<li><a href=\"https:\/\/eur-lex.europa.eu\/legal-content\/EN\/TXT\/?uri=CELEX:32024L3019\" type=\"link\" id=\"https:\/\/eur-lex.europa.eu\/legal-content\/EN\/TXT\/?uri=CELEX:32024L3019\">Directiva 2024\/3019<\/a> (Directiva (UE) 2024\/3019 del Parlamento Europeo y del Consejo, relativa a la calidad del agua destinada al consumo humano).<\/li>\n\n\n\n<li><a href=\"http:\/\/www.arpat.toscana.it\/notizie\/arpatnews\/2010\/035-relazioni\/035-DM-185-2003.pdf\" target=\"_blank\" rel=\"noreferrer noopener\">BOE<\/a>\u00a0(Reial Decret 1620\/2007 per reutilitzaci\u00f3 d\u2019aigua a Espanya -2007).<\/li>\n\n\n\n<li><a href=\"https:\/\/www.govinfo.gov\/content\/pkg\/CFR-2019-title40-vol24\/pdf\/CFR-2019-title40-vol24-part131.pdf\" target=\"_blank\" rel=\"noreferrer noopener\">EPA<\/a>\u00a0(Safe Drinking Water Act &#8211; 2019)<\/li>\n\n\n\n<li><a href=\"https:\/\/www.epa.gov\/sites\/production\/files\/2019-08\/documents\/2012-guidelines-water-reuse.pdf\" target=\"_blank\" rel=\"noreferrer noopener\">EPA<\/a>\u00a0(Guidelines for Water Reuse -2012)<\/li>\n\n\n\n<li><a href=\"https:\/\/www.lga.sa.gov.au\/__data\/assets\/pdf_file\/0022\/554701\/Australian-Guidelines-for-Water-Recycling-AGWR-Managing-Health-and-Environmental-Risks-Phase-1-2006.pdf\" target=\"_blank\" rel=\"noreferrer noopener\">Govern d\u2019Austr\u00e0lia<\/a>\u00a0(Water Recycling Guidelines Phase 1 \u2013 Health and Environmental Risks &#8211; 2006)<\/li>\n\n\n\n<li><a href=\"https:\/\/www.nhmrc.gov.au\/about-us\/publications\/australian-guidelines-water-recycling#block-views-block-file-attachments-content-block-1\" target=\"_blank\" rel=\"noreferrer noopener\">Govern d\u2019Austr\u00e0lia<\/a>\u00a0(Water Recycling Guidelines Phase 2 \u2013\u00a0 Augmentation of Water Supplies &#8211; 2008)<\/li>\n\n\n\n<li><a href=\"https:\/\/govt.westlaw.com\/calregs\/Browse\/Home\/California\/CaliforniaCodeofRegulations?guid=IE6E81020D4B911DE8879F88E8B0DAAAE&amp;originationContext=documenttoc&amp;transitionType=Default&amp;contextData=(sc.Default)\" target=\"_blank\" rel=\"noreferrer noopener\">Govern de Calif\u00f2rnia<\/a>\u00a0(California Code of Regulations &#8211; 2018)<\/li>\n\n\n\n<li><a href=\"https:\/\/www.ehf.org.il\/sites\/default\/files\/Env_Health_Israel_2017_ENG.pdf\" target=\"_blank\" rel=\"noreferrer noopener\">Govern d\u2019Israel<\/a>\u00a0(Environmental Health in Israel &#8211; 2017)<\/li>\n\n\n\n<li><a href=\"https:\/\/www.hotspotreuse.com\/\" target=\"_blank\" rel=\"noreferrer noopener\">Hot Spot Reuse<\/a>\u00a0(Plataforma Hot Spot Reuse de projectes de reutilitzaci\u00f3).<\/li>\n\n\n\n<li><a href=\"http:\/\/www.arpat.toscana.it\/notizie\/arpatnews\/2010\/035-relazioni\/035-DM-185-2003.pdf\" target=\"_blank\" rel=\"noreferrer noopener\">Ministro della Transizione Ecologica<\/a>\u00a0(Decret de reutilitzaci\u00f3 d\u2019aigua a It\u00e0lia \u2013 versi\u00f3 en Itali\u00e0 &#8211; 2003).<\/li>\n\n\n\n<li><a href=\"http:\/\/www.plataformaagua.org\/\" target=\"_blank\" rel=\"noreferrer noopener\">PTEA<\/a>\u00a0(Plataforma Tecnol\u00f3gica Espa\u00f1ola del Agua).<\/li>\n\n\n\n<li><a href=\"https:\/\/www.boe.es\/eli\/es\/rd\/2024\/10\/22\/1085\" target=\"_blank\" rel=\"noreferrer noopener\">Real decreto 1085\/2024<\/a>, de 22 de octubre, por el que se aprueba el Reglamento de reutilizaci\u00f3n del agua y se modifican diversos reales decretos en materia de gesti\u00f3n del agua.<\/li>\n\n\n\n<li><a href=\"https:\/\/www.boe.es\/buscar\/act.php?id=BOE-A-2023-628\" target=\"_blank\" rel=\"noreferrer noopener\">Real Decreto 3\/2023<\/a>, de 10 de enero, por el que se establecen los criterios t\u00e9cnico-sanitarios de la calidad del agua de consumo, su control y suministro.<\/li>\n\n\n\n<li><a href=\"https:\/\/www.boe.es\/eli\/es\/rd\/2023\/07\/18\/665\" target=\"_blank\" rel=\"noreferrer noopener\">Real Decreto 665\/2023<\/a>, de 18 de julio, por el que se modifica el Reglamento del Dominio P\u00fablico Hidr\u00e1ulico, aprobado por el Real Decreto 849\/1986, y otras normas en materia de agua.<\/li>\n\n\n\n<li><a href=\"https:\/\/www.boe.es\/eli\/es\/rd\/2015\/09\/11\/817\" target=\"_blank\" rel=\"noreferrer noopener\">Real Decreto 817\/2015<\/a>, de 11 de septiembre, por el que se establecen los criterios de seguimiento y evaluaci\u00f3n del estado de las aguas superficiales y las normas de calidad ambiental.<\/li>\n\n\n\n<li><a href=\"https:\/\/salutpublica.gencat.cat\/ca\/ambits\/proteccio_salut\/reutilitzacio_aigues_regenerades\/\">Salut P\u00fablica<\/a> (Generalitat de Catalunya)<\/li>\n\n\n\n<li><a href=\"https:\/\/www.boe.es\/doue\/2020\/177\/L00032-00055.pdf\" target=\"_blank\" rel=\"noreferrer noopener\">UE 2020\/741<\/a>\u00a0(Requisitos m\u00ednimos para la reutilizaci\u00f3n del agua en Europa &#8211; 2020).<\/li>\n\n\n\n<li><a href=\"https:\/\/www.water-reuse-europe.org\/\" target=\"_blank\" rel=\"noreferrer noopener\">WRE<\/a>\u00a0(Water Reuse Europe).<\/li>\n<\/ul>\n","protected":false},"excerpt":{"rendered":"<p>AEDyR\u00a0(Asociaci\u00f3n Espa\u00f1ola de Desalaci\u00f3n y Reutilizaci\u00f3n). Ag\u00e8ncia Catalana de l&#8217;Aigua (ACA) Ag\u00e8ncia Catalana de l\u2019Aigua (2022). Prova demostrativa de reutilitzaci\u00f3 d\u2019aigua regenerada a l\u2019ERA del Prat de Llobregat 2019. ASERSA (Asociaci\u00f3n espa\u00f1ola de Reutilizaci\u00f3n Sostenible del Agua). Decisi\u00f3n de Ejecuci\u00f3n (UE) 2015\/495 de la Comisi\u00f3n, relativa a la vigilancia de sustancias de la lista de&hellip;<\/p>\n","protected":false},"author":4,"featured_media":0,"parent":0,"menu_order":0,"comment_status":"closed","ping_status":"closed","template":"","meta":{"footnotes":""},"class_list":["post-2528","page","type-page","status-publish","hentry","description-off"],"yoast_head":"<!-- This site is optimized with the Yoast SEO plugin v27.4 - https:\/\/yoast.com\/product\/yoast-seo-wordpress\/ -->\n<title>Enlaces de inter\u00e9s - aiguaregenerada<\/title>\n<meta name=\"robots\" content=\"index, follow, max-snippet:-1, max-image-preview:large, max-video-preview:-1\" \/>\n<link rel=\"canonical\" href=\"https:\/\/aiguaregenerada.cat\/es\/enlaces-de-interes\/\" \/>\n<meta property=\"og:locale\" content=\"es_ES\" \/>\n<meta property=\"og:type\" content=\"article\" \/>\n<meta property=\"og:title\" content=\"Enlaces de inter\u00e9s - aiguaregenerada\" \/>\n<meta property=\"og:url\" content=\"https:\/\/aiguaregenerada.cat\/es\/enlaces-de-interes\/\" \/>\n<meta property=\"og:site_name\" content=\"aiguaregenerada\" \/>\n<meta property=\"article:modified_time\" content=\"2026-02-09T10:15:36+00:00\" \/>\n<meta name=\"twitter:card\" content=\"summary_large_image\" \/>\n<meta name=\"twitter:label1\" content=\"Tiempo de lectura\" \/>\n\t<meta name=\"twitter:data1\" content=\"3 minutos\" \/>\n<script type=\"application\/ld+json\" class=\"yoast-schema-graph\">{\"@context\":\"https:\\\/\\\/schema.org\",\"@graph\":[{\"@type\":\"WebPage\",\"@id\":\"https:\\\/\\\/aiguaregenerada.cat\\\/es\\\/enlaces-de-interes\\\/\",\"url\":\"https:\\\/\\\/aiguaregenerada.cat\\\/es\\\/enlaces-de-interes\\\/\",\"name\":\"Enlaces de inter\u00e9s - aiguaregenerada\",\"isPartOf\":{\"@id\":\"https:\\\/\\\/aiguaregenerada.cat\\\/#website\"},\"datePublished\":\"2021-07-26T12:08:04+00:00\",\"dateModified\":\"2026-02-09T10:15:36+00:00\",\"breadcrumb\":{\"@id\":\"https:\\\/\\\/aiguaregenerada.cat\\\/es\\\/enlaces-de-interes\\\/#breadcrumb\"},\"inLanguage\":\"es\",\"potentialAction\":[{\"@type\":\"ReadAction\",\"target\":[\"https:\\\/\\\/aiguaregenerada.cat\\\/es\\\/enlaces-de-interes\\\/\"]}]},{\"@type\":\"BreadcrumbList\",\"@id\":\"https:\\\/\\\/aiguaregenerada.cat\\\/es\\\/enlaces-de-interes\\\/#breadcrumb\",\"itemListElement\":[{\"@type\":\"ListItem\",\"position\":1,\"name\":\"Inici\",\"item\":\"https:\\\/\\\/aiguaregenerada.cat\\\/es\\\/\"},{\"@type\":\"ListItem\",\"position\":2,\"name\":\"Enlaces de inter\u00e9s\"}]},{\"@type\":\"WebSite\",\"@id\":\"https:\\\/\\\/aiguaregenerada.cat\\\/#website\",\"url\":\"https:\\\/\\\/aiguaregenerada.cat\\\/\",\"name\":\"aiguaregenerada\",\"description\":\"aiguaregenerada\",\"potentialAction\":[{\"@type\":\"SearchAction\",\"target\":{\"@type\":\"EntryPoint\",\"urlTemplate\":\"https:\\\/\\\/aiguaregenerada.cat\\\/?s={search_term_string}\"},\"query-input\":{\"@type\":\"PropertyValueSpecification\",\"valueRequired\":true,\"valueName\":\"search_term_string\"}}],\"inLanguage\":\"es\"}]}<\/script>\n<!-- \/ Yoast SEO plugin. -->","yoast_head_json":{"title":"Enlaces de inter\u00e9s - aiguaregenerada","robots":{"index":"index","follow":"follow","max-snippet":"max-snippet:-1","max-image-preview":"max-image-preview:large","max-video-preview":"max-video-preview:-1"},"canonical":"https:\/\/aiguaregenerada.cat\/es\/enlaces-de-interes\/","og_locale":"es_ES","og_type":"article","og_title":"Enlaces de inter\u00e9s - aiguaregenerada","og_url":"https:\/\/aiguaregenerada.cat\/es\/enlaces-de-interes\/","og_site_name":"aiguaregenerada","article_modified_time":"2026-02-09T10:15:36+00:00","twitter_card":"summary_large_image","twitter_misc":{"Tiempo de lectura":"3 minutos"},"schema":{"@context":"https:\/\/schema.org","@graph":[{"@type":"WebPage","@id":"https:\/\/aiguaregenerada.cat\/es\/enlaces-de-interes\/","url":"https:\/\/aiguaregenerada.cat\/es\/enlaces-de-interes\/","name":"Enlaces de inter\u00e9s - aiguaregenerada","isPartOf":{"@id":"https:\/\/aiguaregenerada.cat\/#website"},"datePublished":"2021-07-26T12:08:04+00:00","dateModified":"2026-02-09T10:15:36+00:00","breadcrumb":{"@id":"https:\/\/aiguaregenerada.cat\/es\/enlaces-de-interes\/#breadcrumb"},"inLanguage":"es","potentialAction":[{"@type":"ReadAction","target":["https:\/\/aiguaregenerada.cat\/es\/enlaces-de-interes\/"]}]},{"@type":"BreadcrumbList","@id":"https:\/\/aiguaregenerada.cat\/es\/enlaces-de-interes\/#breadcrumb","itemListElement":[{"@type":"ListItem","position":1,"name":"Inici","item":"https:\/\/aiguaregenerada.cat\/es\/"},{"@type":"ListItem","position":2,"name":"Enlaces de inter\u00e9s"}]},{"@type":"WebSite","@id":"https:\/\/aiguaregenerada.cat\/#website","url":"https:\/\/aiguaregenerada.cat\/","name":"aiguaregenerada","description":"aiguaregenerada","potentialAction":[{"@type":"SearchAction","target":{"@type":"EntryPoint","urlTemplate":"https:\/\/aiguaregenerada.cat\/?s={search_term_string}"},"query-input":{"@type":"PropertyValueSpecification","valueRequired":true,"valueName":"search_term_string"}}],"inLanguage":"es"}]}},"_links":{"self":[{"href":"https:\/\/aiguaregenerada.cat\/es\/wp-json\/wp\/v2\/pages\/2528","targetHints":{"allow":["GET"]}}],"collection":[{"href":"https:\/\/aiguaregenerada.cat\/es\/wp-json\/wp\/v2\/pages"}],"about":[{"href":"https:\/\/aiguaregenerada.cat\/es\/wp-json\/wp\/v2\/types\/page"}],"author":[{"embeddable":true,"href":"https:\/\/aiguaregenerada.cat\/es\/wp-json\/wp\/v2\/users\/4"}],"replies":[{"embeddable":true,"href":"https:\/\/aiguaregenerada.cat\/es\/wp-json\/wp\/v2\/comments?post=2528"}],"version-history":[{"count":1,"href":"https:\/\/aiguaregenerada.cat\/es\/wp-json\/wp\/v2\/pages\/2528\/revisions"}],"predecessor-version":[{"id":5791,"href":"https:\/\/aiguaregenerada.cat\/es\/wp-json\/wp\/v2\/pages\/2528\/revisions\/5791"}],"wp:attachment":[{"href":"https:\/\/aiguaregenerada.cat\/es\/wp-json\/wp\/v2\/media?parent=2528"}],"curies":[{"name":"wp","href":"https:\/\/api.w.org\/{rel}","templated":true}]}}