{"id":2541,"date":"2021-03-11T15:41:09","date_gmt":"2021-03-11T15:41:09","guid":{"rendered":"https:\/\/aiguaregenerada.cat\/sistema-dajuda-a-la-decisio\/"},"modified":"2022-07-08T10:27:16","modified_gmt":"2022-07-08T08:27:16","slug":"sistema-dajuda-a-la-decisio","status":"publish","type":"page","link":"https:\/\/aiguaregenerada.cat\/es\/sistema-dajuda-a-la-decisio\/","title":{"rendered":"Sistema de ayuda a la decisi\u00f3n"},"content":{"rendered":"\n<p>SAD Suggereix es un Sistema de Ayuda a la Decisi\u00f3n (SAD) para ayudar al usuario en la implementaci\u00f3n y gesti\u00f3n de estrategias eficientes de reutilizaci\u00f3n y producci\u00f3n de agua regenerada.<\/p>\n\n\n\n<div class=\"wp-block-buttons is-layout-flex wp-block-buttons-is-layout-flex\">\n<div class=\"wp-block-button aligncenter\"><a class=\"wp-block-button__link\" href=\"https:\/\/suggereix.icradev.cat\/\">Accede al SAD<\/a><\/div>\n<\/div>\n","protected":false},"excerpt":{"rendered":"<p>SAD Suggereix es un Sistema de Ayuda a la Decisi\u00f3n (SAD) para ayudar al usuario en la implementaci\u00f3n y gesti\u00f3n de estrategias eficientes de reutilizaci\u00f3n y producci\u00f3n de agua regenerada.<\/p>\n","protected":false},"author":4,"featured_media":0,"parent":0,"menu_order":0,"comment_status":"closed","ping_status":"closed","template":"","meta":{"footnotes":""},"class_list":["post-2541","page","type-page","status-publish","hentry"],"yoast_head":"<!-- This site is optimized with the Yoast SEO plugin v27.5 - https:\/\/yoast.com\/product\/yoast-seo-wordpress\/ -->\n<title>Sistema de ayuda a la decisi\u00f3n - aiguaregenerada<\/title>\n<meta name=\"robots\" content=\"index, follow, max-snippet:-1, max-image-preview:large, max-video-preview:-1\" \/>\n<link rel=\"canonical\" href=\"https:\/\/aiguaregenerada.cat\/es\/sistema-dajuda-a-la-decisio\/\" \/>\n<meta property=\"og:locale\" content=\"es_ES\" \/>\n<meta property=\"og:type\" content=\"article\" \/>\n<meta property=\"og:title\" content=\"Sistema de ayuda a la decisi\u00f3n - aiguaregenerada\" \/>\n<meta property=\"og:description\" content=\"SAD Suggereix es un Sistema de Ayuda a la Decisi\u00f3n (SAD) para ayudar al usuario en la implementaci\u00f3n y gesti\u00f3n de estrategias eficientes de reutilizaci\u00f3n y producci\u00f3n de agua regenerada.\" \/>\n<meta property=\"og:url\" content=\"https:\/\/aiguaregenerada.cat\/es\/sistema-dajuda-a-la-decisio\/\" \/>\n<meta property=\"og:site_name\" content=\"aiguaregenerada\" \/>\n<meta property=\"article:modified_time\" content=\"2022-07-08T08:27:16+00:00\" \/>\n<meta name=\"twitter:card\" content=\"summary_large_image\" \/>\n<meta name=\"twitter:label1\" content=\"Tiempo de lectura\" \/>\n\t<meta name=\"twitter:data1\" content=\"1 minuto\" \/>\n<script type=\"application\/ld+json\" class=\"yoast-schema-graph\">{\"@context\":\"https:\\\/\\\/schema.org\",\"@graph\":[{\"@type\":\"WebPage\",\"@id\":\"https:\\\/\\\/aiguaregenerada.cat\\\/es\\\/sistema-dajuda-a-la-decisio\\\/\",\"url\":\"https:\\\/\\\/aiguaregenerada.cat\\\/es\\\/sistema-dajuda-a-la-decisio\\\/\",\"name\":\"Sistema de ayuda a la decisi\u00f3n - aiguaregenerada\",\"isPartOf\":{\"@id\":\"https:\\\/\\\/aiguaregenerada.cat\\\/#website\"},\"datePublished\":\"2021-03-11T15:41:09+00:00\",\"dateModified\":\"2022-07-08T08:27:16+00:00\",\"breadcrumb\":{\"@id\":\"https:\\\/\\\/aiguaregenerada.cat\\\/es\\\/sistema-dajuda-a-la-decisio\\\/#breadcrumb\"},\"inLanguage\":\"es\",\"potentialAction\":[{\"@type\":\"ReadAction\",\"target\":[\"https:\\\/\\\/aiguaregenerada.cat\\\/es\\\/sistema-dajuda-a-la-decisio\\\/\"]}]},{\"@type\":\"BreadcrumbList\",\"@id\":\"https:\\\/\\\/aiguaregenerada.cat\\\/es\\\/sistema-dajuda-a-la-decisio\\\/#breadcrumb\",\"itemListElement\":[{\"@type\":\"ListItem\",\"position\":1,\"name\":\"Inici\",\"item\":\"https:\\\/\\\/aiguaregenerada.cat\\\/es\\\/\"},{\"@type\":\"ListItem\",\"position\":2,\"name\":\"Sistema de ayuda a la decisi\u00f3n\"}]},{\"@type\":\"WebSite\",\"@id\":\"https:\\\/\\\/aiguaregenerada.cat\\\/#website\",\"url\":\"https:\\\/\\\/aiguaregenerada.cat\\\/\",\"name\":\"aiguaregenerada\",\"description\":\"aiguaregenerada\",\"potentialAction\":[{\"@type\":\"SearchAction\",\"target\":{\"@type\":\"EntryPoint\",\"urlTemplate\":\"https:\\\/\\\/aiguaregenerada.cat\\\/?s={search_term_string}\"},\"query-input\":{\"@type\":\"PropertyValueSpecification\",\"valueRequired\":true,\"valueName\":\"search_term_string\"}}],\"inLanguage\":\"es\"}]}<\/script>\n<!-- \/ Yoast SEO plugin. -->","yoast_head_json":{"title":"Sistema de ayuda a la decisi\u00f3n - aiguaregenerada","robots":{"index":"index","follow":"follow","max-snippet":"max-snippet:-1","max-image-preview":"max-image-preview:large","max-video-preview":"max-video-preview:-1"},"canonical":"https:\/\/aiguaregenerada.cat\/es\/sistema-dajuda-a-la-decisio\/","og_locale":"es_ES","og_type":"article","og_title":"Sistema de ayuda a la decisi\u00f3n - aiguaregenerada","og_description":"SAD Suggereix es un Sistema de Ayuda a la Decisi\u00f3n (SAD) para ayudar al usuario en la implementaci\u00f3n y gesti\u00f3n de estrategias eficientes de reutilizaci\u00f3n y producci\u00f3n de agua regenerada.","og_url":"https:\/\/aiguaregenerada.cat\/es\/sistema-dajuda-a-la-decisio\/","og_site_name":"aiguaregenerada","article_modified_time":"2022-07-08T08:27:16+00:00","twitter_card":"summary_large_image","twitter_misc":{"Tiempo de lectura":"1 minuto"},"schema":{"@context":"https:\/\/schema.org","@graph":[{"@type":"WebPage","@id":"https:\/\/aiguaregenerada.cat\/es\/sistema-dajuda-a-la-decisio\/","url":"https:\/\/aiguaregenerada.cat\/es\/sistema-dajuda-a-la-decisio\/","name":"Sistema de ayuda a la decisi\u00f3n - aiguaregenerada","isPartOf":{"@id":"https:\/\/aiguaregenerada.cat\/#website"},"datePublished":"2021-03-11T15:41:09+00:00","dateModified":"2022-07-08T08:27:16+00:00","breadcrumb":{"@id":"https:\/\/aiguaregenerada.cat\/es\/sistema-dajuda-a-la-decisio\/#breadcrumb"},"inLanguage":"es","potentialAction":[{"@type":"ReadAction","target":["https:\/\/aiguaregenerada.cat\/es\/sistema-dajuda-a-la-decisio\/"]}]},{"@type":"BreadcrumbList","@id":"https:\/\/aiguaregenerada.cat\/es\/sistema-dajuda-a-la-decisio\/#breadcrumb","itemListElement":[{"@type":"ListItem","position":1,"name":"Inici","item":"https:\/\/aiguaregenerada.cat\/es\/"},{"@type":"ListItem","position":2,"name":"Sistema de ayuda a la decisi\u00f3n"}]},{"@type":"WebSite","@id":"https:\/\/aiguaregenerada.cat\/#website","url":"https:\/\/aiguaregenerada.cat\/","name":"aiguaregenerada","description":"aiguaregenerada","potentialAction":[{"@type":"SearchAction","target":{"@type":"EntryPoint","urlTemplate":"https:\/\/aiguaregenerada.cat\/?s={search_term_string}"},"query-input":{"@type":"PropertyValueSpecification","valueRequired":true,"valueName":"search_term_string"}}],"inLanguage":"es"}]}},"_links":{"self":[{"href":"https:\/\/aiguaregenerada.cat\/es\/wp-json\/wp\/v2\/pages\/2541","targetHints":{"allow":["GET"]}}],"collection":[{"href":"https:\/\/aiguaregenerada.cat\/es\/wp-json\/wp\/v2\/pages"}],"about":[{"href":"https:\/\/aiguaregenerada.cat\/es\/wp-json\/wp\/v2\/types\/page"}],"author":[{"embeddable":true,"href":"https:\/\/aiguaregenerada.cat\/es\/wp-json\/wp\/v2\/users\/4"}],"replies":[{"embeddable":true,"href":"https:\/\/aiguaregenerada.cat\/es\/wp-json\/wp\/v2\/comments?post=2541"}],"version-history":[{"count":1,"href":"https:\/\/aiguaregenerada.cat\/es\/wp-json\/wp\/v2\/pages\/2541\/revisions"}],"predecessor-version":[{"id":3003,"href":"https:\/\/aiguaregenerada.cat\/es\/wp-json\/wp\/v2\/pages\/2541\/revisions\/3003"}],"wp:attachment":[{"href":"https:\/\/aiguaregenerada.cat\/es\/wp-json\/wp\/v2\/media?parent=2541"}],"curies":[{"name":"wp","href":"https:\/\/api.w.org\/{rel}","templated":true}]}}