{"id":2544,"date":"2018-11-07T17:18:51","date_gmt":"2018-11-07T17:18:51","guid":{"rendered":"https:\/\/aiguaregenerada.cat\/actualitat\/"},"modified":"2022-06-16T15:52:07","modified_gmt":"2022-06-16T13:52:07","slug":"actualidad","status":"publish","type":"page","link":"https:\/\/aiguaregenerada.cat\/es\/actualidad\/","title":{"rendered":"Actualidad"},"content":{"rendered":"<div class=\"wpb-content-wrapper\"><p>[vc_row][vc_column]<div class=\"standard-arrow list-divider bullet-top\"><ul>\n<li>16\/06\/22: Los d\u00edas 15, 16, 17, 18 y 19 de enero de 2023 se realizar\u00e1 la 1<em><strong>3\u00aa IWA International Conference On Water Reclamation and Reuse en Chennai<\/strong><\/em> (India) donde se ha presentado el proyecto con el t\u00edtulo: <em><strong>SUGGEREIX: A decision support system for assessment of advanced water treatment plants for water reuse<\/strong><\/em>.<\/li>\n<li>15\/06\/22: El d\u00eda 21 de junio se realizar\u00e1 el acto de <strong>cierre del proyecto SUGGEREIX<\/strong> en el Palau Firal y de Congresos de Tarragona donde se har\u00e1 una presentaci\u00f3n de los resultados del proyecto seguida de una demostraci\u00f3n del <strong>Sistema de Ayuda a la Decisi\u00f3n<\/strong> (SAD) que se ha desarrollado. Posteriormente, se realizar\u00e1 una mesa redonda con el t\u00edtulo: <em><strong>Cerrando el ciclo del agua: hitos y retos de la reutilizaci\u00f3n en Catalu\u00f1a <\/strong><\/em>contando con la presencia de representantes de la ACA, la Asociaci\u00f3n Empresarial Qu\u00edmica de Tarragona (AEQT), la Agencia de Salud P\u00fablica de Catalu\u00f1a y Eurecat. Por la tarde, los asistentes podr\u00e1n escoger entre dos visitas t\u00e9cnicas que se propongan. Para m\u00e1s informaci\u00f3n: <a href=\"https:\/\/mailchi.mp\/cwp\/acte-cierre-sugiere\">NEWSLETTER<\/a>.<\/li>\n<li>02\/06\/22: Los d\u00edas 1 y 2 de junio se ha celebrado <em><strong>The Second International Symposium on Nanomateriales and Membrane Science for Water, Energy and Environment, Desalination and Reuse in the face of water scarcity<\/strong><\/em> en Tangier (Marruecos) donde el Instituto Catal\u00e1n de Investigaci\u00f3n de l &#8216;Agua (ICRA) ha presentado una conferencia magistral con el t\u00edtulo: <em><strong>Decision suport System for the assessment of water reuse schemes<\/strong><\/em>.<\/li>\n<li>16\/05\/22: Los d\u00edas <strong>19, 20 y 21<\/strong> de septiembre se realizar\u00e1 la <strong>Water Reuse Europe Conference 2022<\/strong> en Girona donde se tratar\u00e1n temas de innovaci\u00f3n en la reutilizaci\u00f3n del agua. En \u00e9sta, se presentar\u00e1 un taller por parte del Instituto Catal\u00e1n de Investigaci\u00f3n del Agua (ICRA) y Eurecat con el t\u00edtulo: T<strong>he SUGGEREIX project. Developing a la decisi\u00f3n de apoyo system (DSS) para proyectos de investigaci\u00f3n de los proyectos en Catalonia and beyond<\/strong>.<\/li>\n<li>14\/05\/22: ASERSA realizar\u00e1 un <strong>Open Webinar<\/strong> el<strong> 21 de junio<\/strong> con dos talleres: <strong>Water reuse in Winhoek: reciente changes and current approaches<\/strong> y <strong>San Francisco\u2019s alternative water supply program: in search for new and diversified water supplie<\/strong>s.<\/li>\n<li>13\/05\/22: El d\u00eda <strong>27 de mayo<\/strong> se realizar\u00e1 un taller en formato telem\u00e1tico para la <strong>presentaci\u00f3n del SAD<\/strong> desarrollado en el marco del proyecto a los miembros del panel de expertos, representantes de la ACA y miembros de diferentes entidades implicadas en la reutilizaci\u00f3n de agua.<\/li>\n<li>04\/05\/22: ASERSA realizar\u00e1 un<strong> OpenWebinar<\/strong> el 24 de mayo con dos talleres: <strong>La ERA de Santa Ponsa<\/strong> y <strong>el plan de reutilizaci\u00f3n de Calvi\u00e0, en Mallorca<\/strong> y <strong>Situaci\u00f3n normativa actual y retos de la regeneraci\u00f3n y reutilizaci\u00f3n del agua en Espa\u00f1a<\/strong>.<\/li>\n<li>30\/03\/22: La revista FuturENVIRO publica un art\u00edculo sobre el proyecto SUGGEREIX en el n\u00famero 87 del mes de febrero-marzo de 2022. En el siguiente enlace se puede ver <a href=\"https:\/\/futurenviro.es\/febrero-marzo-2022\/\">el art\u00edculo completo<\/a>.<\/li>\n<li><span lang=\"CA\">15\/10\/21: <\/span>El proyecto SUGGEREIX se presentar\u00e1 al IV Congreso del Agua en Catalu\u00f1a, que se celebrar\u00e1 en Barcelona los pr\u00f3ximos 19 y 20 de octubre. Concretamente, el proyecto SUGGEREIX se presentar\u00e1 el 19 de octubre a las 17,00 horas en la Sala Beta del Cosmocaixa.<\/li>\n<li>20\/07\/21: Nueva reuni\u00f3n de seguimiento del proyecto SUGGEREIX con el ACA y los representantes de las distintas entidades participantes.<\/li>\n<li>14\/05\/21: Reuni\u00f3n con expertos del ASPCAT para presentarles la metodolog\u00eda para determinar los VPs de contaminantes qu\u00edmicos y microbiol\u00f3gicos desarrollada en el PT3.<\/li>\n<li>12\/05\/21: Taller con los miembros expertos y distintos representantes del ACA para analizar los progresos del proyecto.<\/li>\n<\/ul>\n<\/div>[\/vc_column][\/vc_row]<\/p>\n<\/div>","protected":false},"excerpt":{"rendered":"<p>[vc_row][vc_column][\/vc_column][\/vc_row]<\/p>\n","protected":false},"author":4,"featured_media":0,"parent":0,"menu_order":65,"comment_status":"closed","ping_status":"closed","template":"","meta":{"footnotes":""},"class_list":["post-2544","page","type-page","status-publish","hentry","description-off"],"yoast_head":"<!-- This site is optimized with the Yoast SEO plugin v27.4 - https:\/\/yoast.com\/product\/yoast-seo-wordpress\/ -->\n<title>Actualidad - aiguaregenerada<\/title>\n<meta name=\"robots\" content=\"index, follow, max-snippet:-1, max-image-preview:large, max-video-preview:-1\" \/>\n<link rel=\"canonical\" href=\"https:\/\/aiguaregenerada.cat\/es\/actualidad\/\" \/>\n<meta property=\"og:locale\" content=\"es_ES\" \/>\n<meta property=\"og:type\" content=\"article\" \/>\n<meta property=\"og:title\" content=\"Actualidad - aiguaregenerada\" \/>\n<meta property=\"og:description\" content=\"[vc_row][vc_column][\/vc_column][\/vc_row]\" \/>\n<meta property=\"og:url\" content=\"https:\/\/aiguaregenerada.cat\/es\/actualidad\/\" \/>\n<meta property=\"og:site_name\" content=\"aiguaregenerada\" \/>\n<meta property=\"article:modified_time\" content=\"2022-06-16T13:52:07+00:00\" \/>\n<meta name=\"twitter:card\" content=\"summary_large_image\" \/>\n<meta name=\"twitter:label1\" content=\"Tiempo de lectura\" \/>\n\t<meta name=\"twitter:data1\" content=\"4 minutos\" \/>\n<script type=\"application\/ld+json\" class=\"yoast-schema-graph\">{\"@context\":\"https:\\\/\\\/schema.org\",\"@graph\":[{\"@type\":\"WebPage\",\"@id\":\"https:\\\/\\\/aiguaregenerada.cat\\\/es\\\/actualidad\\\/\",\"url\":\"https:\\\/\\\/aiguaregenerada.cat\\\/es\\\/actualidad\\\/\",\"name\":\"Actualidad - aiguaregenerada\",\"isPartOf\":{\"@id\":\"https:\\\/\\\/aiguaregenerada.cat\\\/#website\"},\"datePublished\":\"2018-11-07T17:18:51+00:00\",\"dateModified\":\"2022-06-16T13:52:07+00:00\",\"breadcrumb\":{\"@id\":\"https:\\\/\\\/aiguaregenerada.cat\\\/es\\\/actualidad\\\/#breadcrumb\"},\"inLanguage\":\"es\",\"potentialAction\":[{\"@type\":\"ReadAction\",\"target\":[\"https:\\\/\\\/aiguaregenerada.cat\\\/es\\\/actualidad\\\/\"]}]},{\"@type\":\"BreadcrumbList\",\"@id\":\"https:\\\/\\\/aiguaregenerada.cat\\\/es\\\/actualidad\\\/#breadcrumb\",\"itemListElement\":[{\"@type\":\"ListItem\",\"position\":1,\"name\":\"Inici\",\"item\":\"https:\\\/\\\/aiguaregenerada.cat\\\/es\\\/\"},{\"@type\":\"ListItem\",\"position\":2,\"name\":\"Actualidad\"}]},{\"@type\":\"WebSite\",\"@id\":\"https:\\\/\\\/aiguaregenerada.cat\\\/#website\",\"url\":\"https:\\\/\\\/aiguaregenerada.cat\\\/\",\"name\":\"aiguaregenerada\",\"description\":\"aiguaregenerada\",\"potentialAction\":[{\"@type\":\"SearchAction\",\"target\":{\"@type\":\"EntryPoint\",\"urlTemplate\":\"https:\\\/\\\/aiguaregenerada.cat\\\/?s={search_term_string}\"},\"query-input\":{\"@type\":\"PropertyValueSpecification\",\"valueRequired\":true,\"valueName\":\"search_term_string\"}}],\"inLanguage\":\"es\"}]}<\/script>\n<!-- \/ Yoast SEO plugin. -->","yoast_head_json":{"title":"Actualidad - aiguaregenerada","robots":{"index":"index","follow":"follow","max-snippet":"max-snippet:-1","max-image-preview":"max-image-preview:large","max-video-preview":"max-video-preview:-1"},"canonical":"https:\/\/aiguaregenerada.cat\/es\/actualidad\/","og_locale":"es_ES","og_type":"article","og_title":"Actualidad - aiguaregenerada","og_description":"[vc_row][vc_column][\/vc_column][\/vc_row]","og_url":"https:\/\/aiguaregenerada.cat\/es\/actualidad\/","og_site_name":"aiguaregenerada","article_modified_time":"2022-06-16T13:52:07+00:00","twitter_card":"summary_large_image","twitter_misc":{"Tiempo de lectura":"4 minutos"},"schema":{"@context":"https:\/\/schema.org","@graph":[{"@type":"WebPage","@id":"https:\/\/aiguaregenerada.cat\/es\/actualidad\/","url":"https:\/\/aiguaregenerada.cat\/es\/actualidad\/","name":"Actualidad - aiguaregenerada","isPartOf":{"@id":"https:\/\/aiguaregenerada.cat\/#website"},"datePublished":"2018-11-07T17:18:51+00:00","dateModified":"2022-06-16T13:52:07+00:00","breadcrumb":{"@id":"https:\/\/aiguaregenerada.cat\/es\/actualidad\/#breadcrumb"},"inLanguage":"es","potentialAction":[{"@type":"ReadAction","target":["https:\/\/aiguaregenerada.cat\/es\/actualidad\/"]}]},{"@type":"BreadcrumbList","@id":"https:\/\/aiguaregenerada.cat\/es\/actualidad\/#breadcrumb","itemListElement":[{"@type":"ListItem","position":1,"name":"Inici","item":"https:\/\/aiguaregenerada.cat\/es\/"},{"@type":"ListItem","position":2,"name":"Actualidad"}]},{"@type":"WebSite","@id":"https:\/\/aiguaregenerada.cat\/#website","url":"https:\/\/aiguaregenerada.cat\/","name":"aiguaregenerada","description":"aiguaregenerada","potentialAction":[{"@type":"SearchAction","target":{"@type":"EntryPoint","urlTemplate":"https:\/\/aiguaregenerada.cat\/?s={search_term_string}"},"query-input":{"@type":"PropertyValueSpecification","valueRequired":true,"valueName":"search_term_string"}}],"inLanguage":"es"}]}},"_links":{"self":[{"href":"https:\/\/aiguaregenerada.cat\/es\/wp-json\/wp\/v2\/pages\/2544","targetHints":{"allow":["GET"]}}],"collection":[{"href":"https:\/\/aiguaregenerada.cat\/es\/wp-json\/wp\/v2\/pages"}],"about":[{"href":"https:\/\/aiguaregenerada.cat\/es\/wp-json\/wp\/v2\/types\/page"}],"author":[{"embeddable":true,"href":"https:\/\/aiguaregenerada.cat\/es\/wp-json\/wp\/v2\/users\/4"}],"replies":[{"embeddable":true,"href":"https:\/\/aiguaregenerada.cat\/es\/wp-json\/wp\/v2\/comments?post=2544"}],"version-history":[{"count":2,"href":"https:\/\/aiguaregenerada.cat\/es\/wp-json\/wp\/v2\/pages\/2544\/revisions"}],"predecessor-version":[{"id":2951,"href":"https:\/\/aiguaregenerada.cat\/es\/wp-json\/wp\/v2\/pages\/2544\/revisions\/2951"}],"wp:attachment":[{"href":"https:\/\/aiguaregenerada.cat\/es\/wp-json\/wp\/v2\/media?parent=2544"}],"curies":[{"name":"wp","href":"https:\/\/api.w.org\/{rel}","templated":true}]}}