{"id":2548,"date":"2021-03-11T15:50:00","date_gmt":"2021-03-11T15:50:00","guid":{"rendered":"https:\/\/aiguaregenerada.cat\/publicacions-del-projecte\/"},"modified":"2022-08-05T09:40:08","modified_gmt":"2022-08-05T07:40:08","slug":"publicaciones-del-proyecto","status":"publish","type":"page","link":"https:\/\/aiguaregenerada.cat\/es\/publicaciones-del-proyecto\/","title":{"rendered":"Publicaciones del proyecto"},"content":{"rendered":"<div class=\"wpb-content-wrapper\"><p>[vc_row][vc_column css=\u00bb.vc_custom_1659599438654{margin-bottom: 32px !important;}\u00bb][vc_column_text]Aqu\u00ed encontrar\u00e1s las publicaciones m\u00e1s recientes sobre las publicaciones del proyecto SUGGEREIX.[\/vc_column_text][\/vc_column][\/vc_row][vc_row][vc_column]<div class=\"standard-arrow list-divider bullet-top\"><ul>\n<li><a href=\"https:\/\/aiguaregenerada.cat\/wp-content\/uploads\/2021\/04\/20210129_Triptic-SUGGEREIX_DEF.pdf\">Tr\u00edptico del proyecto SUGGEREIX<\/a><\/li>\n<li><a href=\"https:\/\/aiguaregenerada.cat\/wp-content\/uploads\/2021\/07\/PLAFO_SUGGEREIX_DEF.pdf\">Plaf\u00f3n del proyecto SUGGEREIX<\/a><\/li>\n<li><a href=\"https:\/\/aiguaregenerada.cat\/wp-content\/uploads\/2021\/07\/LL1.1_Base-dades-casos-reutilitzacio\u0301-SUGGEREIX_DEF-3.xlsx\">LL1.1 Base de datos de casos de reutilizaci\u00f3n<\/a><\/li>\n<li><a href=\"https:\/\/aiguaregenerada.cat\/wp-content\/uploads\/2021\/04\/20210319_Taula-Normatives-SUGGEREIX_DEF-1.xlsx\">LL1.2 Mesa comparativa de normativas de reutilizaci\u00f3n<\/a><\/li>\n<li><a href=\"https:\/\/aiguaregenerada.cat\/wp-content\/uploads\/2022\/07\/Lliurables_Suggereix.pdf\">PT2: Identificaci\u00f3n y monitoraje de contaminantes en esquemas de reutilizaci\u00f3n (PDF+excel)<\/a><\/li>\n<li><a href=\"https:\/\/aiguaregenerada.cat\/wp-content\/uploads\/2022\/07\/Lliurables_Suggereix.pdf\">PT3: Metodolog\u00eda de an\u00e1lisis de riesgo de la gu\u00eda de reutilizaci\u00f3n del PT5 (PDF de memoria + anexos)<\/a><\/li>\n<li><a href=\"https:\/\/aiguaregenerada.cat\/wp-content\/uploads\/2022\/07\/Lliurables_Suggereix.pdf\">PT4: Sistemas de tratamiento (PDF+2 anexos)<\/a><\/li>\n<li><a href=\"https:\/\/aiguaregenerada.cat\/wp-content\/uploads\/2022\/08\/SUGGEREIX_Lliurable-PT5_20220708.pdf\">PT5: SUGGEREIX: Sistema d&#8217;ajuda a la decisi\u00f3 per a la implementaci\u00f3 i gesti\u00f3 de la reutilitzaci\u00f3<\/a><\/li>\n<li><a href=\"https:\/\/aiguaregenerada.cat\/wp-content\/uploads\/2022\/08\/SUGGEREIX_Lliurable-PT6_20220711.pdf\">PT6: Informe sobre la validaci\u00f3n del SAD en tres casos representativos<\/a><\/li>\n<li><a href=\"https:\/\/aiguaregenerada.cat\/wp-content\/uploads\/2022\/08\/SUGGEREIX_ANNEX_Guia-reutilitzacio_20220722.pdf\">LL7.3 Guia pr\u00e1ctica de reutilizaci\u00f3n ANEXOS<\/a><\/li>\n<\/ul>\n<\/div>[\/vc_column][\/vc_row]<\/p>\n<\/div>","protected":false},"excerpt":{"rendered":"<p>[vc_row][vc_column css=\u00bb.vc_custom_1659599438654{margin-bottom: 32px !important;}\u00bb][vc_column_text]Aqu\u00ed encontrar\u00e1s las publicaciones m\u00e1s recientes sobre las publicaciones del proyecto SUGGEREIX.[\/vc_column_text][\/vc_column][\/vc_row][vc_row][vc_column][\/vc_column][\/vc_row]<\/p>\n","protected":false},"author":4,"featured_media":0,"parent":0,"menu_order":0,"comment_status":"closed","ping_status":"closed","template":"","meta":{"footnotes":""},"class_list":["post-2548","page","type-page","status-publish","hentry","description-off"],"yoast_head":"<!-- This site is optimized with the Yoast SEO plugin v27.4 - https:\/\/yoast.com\/product\/yoast-seo-wordpress\/ -->\n<title>Publicaciones del proyecto - aiguaregenerada<\/title>\n<meta name=\"robots\" content=\"index, follow, max-snippet:-1, max-image-preview:large, max-video-preview:-1\" \/>\n<link rel=\"canonical\" href=\"https:\/\/aiguaregenerada.cat\/es\/publicaciones-del-proyecto\/\" \/>\n<meta property=\"og:locale\" content=\"es_ES\" \/>\n<meta property=\"og:type\" content=\"article\" \/>\n<meta property=\"og:title\" content=\"Publicaciones del proyecto - aiguaregenerada\" \/>\n<meta property=\"og:description\" content=\"[vc_row][vc_column css=\u00bb.vc_custom_1659599438654{margin-bottom: 32px !important;}\u00bb][vc_column_text]Aqu\u00ed encontrar\u00e1s las publicaciones m\u00e1s recientes sobre las publicaciones del proyecto SUGGEREIX.[\/vc_column_text][\/vc_column][\/vc_row][vc_row][vc_column][\/vc_column][\/vc_row]\" \/>\n<meta property=\"og:url\" content=\"https:\/\/aiguaregenerada.cat\/es\/publicaciones-del-proyecto\/\" \/>\n<meta property=\"og:site_name\" content=\"aiguaregenerada\" \/>\n<meta property=\"article:modified_time\" content=\"2022-08-05T07:40:08+00:00\" \/>\n<meta name=\"twitter:card\" content=\"summary_large_image\" \/>\n<meta name=\"twitter:label1\" content=\"Tiempo de lectura\" \/>\n\t<meta name=\"twitter:data1\" content=\"1 minuto\" \/>\n<script type=\"application\/ld+json\" class=\"yoast-schema-graph\">{\"@context\":\"https:\\\/\\\/schema.org\",\"@graph\":[{\"@type\":\"WebPage\",\"@id\":\"https:\\\/\\\/aiguaregenerada.cat\\\/es\\\/publicaciones-del-proyecto\\\/\",\"url\":\"https:\\\/\\\/aiguaregenerada.cat\\\/es\\\/publicaciones-del-proyecto\\\/\",\"name\":\"Publicaciones del proyecto - aiguaregenerada\",\"isPartOf\":{\"@id\":\"https:\\\/\\\/aiguaregenerada.cat\\\/#website\"},\"datePublished\":\"2021-03-11T15:50:00+00:00\",\"dateModified\":\"2022-08-05T07:40:08+00:00\",\"breadcrumb\":{\"@id\":\"https:\\\/\\\/aiguaregenerada.cat\\\/es\\\/publicaciones-del-proyecto\\\/#breadcrumb\"},\"inLanguage\":\"es\",\"potentialAction\":[{\"@type\":\"ReadAction\",\"target\":[\"https:\\\/\\\/aiguaregenerada.cat\\\/es\\\/publicaciones-del-proyecto\\\/\"]}]},{\"@type\":\"BreadcrumbList\",\"@id\":\"https:\\\/\\\/aiguaregenerada.cat\\\/es\\\/publicaciones-del-proyecto\\\/#breadcrumb\",\"itemListElement\":[{\"@type\":\"ListItem\",\"position\":1,\"name\":\"Inici\",\"item\":\"https:\\\/\\\/aiguaregenerada.cat\\\/es\\\/\"},{\"@type\":\"ListItem\",\"position\":2,\"name\":\"Publicaciones del proyecto\"}]},{\"@type\":\"WebSite\",\"@id\":\"https:\\\/\\\/aiguaregenerada.cat\\\/#website\",\"url\":\"https:\\\/\\\/aiguaregenerada.cat\\\/\",\"name\":\"aiguaregenerada\",\"description\":\"aiguaregenerada\",\"potentialAction\":[{\"@type\":\"SearchAction\",\"target\":{\"@type\":\"EntryPoint\",\"urlTemplate\":\"https:\\\/\\\/aiguaregenerada.cat\\\/?s={search_term_string}\"},\"query-input\":{\"@type\":\"PropertyValueSpecification\",\"valueRequired\":true,\"valueName\":\"search_term_string\"}}],\"inLanguage\":\"es\"}]}<\/script>\n<!-- \/ Yoast SEO plugin. -->","yoast_head_json":{"title":"Publicaciones del proyecto - aiguaregenerada","robots":{"index":"index","follow":"follow","max-snippet":"max-snippet:-1","max-image-preview":"max-image-preview:large","max-video-preview":"max-video-preview:-1"},"canonical":"https:\/\/aiguaregenerada.cat\/es\/publicaciones-del-proyecto\/","og_locale":"es_ES","og_type":"article","og_title":"Publicaciones del proyecto - aiguaregenerada","og_description":"[vc_row][vc_column css=\u00bb.vc_custom_1659599438654{margin-bottom: 32px !important;}\u00bb][vc_column_text]Aqu\u00ed encontrar\u00e1s las publicaciones m\u00e1s recientes sobre las publicaciones del proyecto SUGGEREIX.[\/vc_column_text][\/vc_column][\/vc_row][vc_row][vc_column][\/vc_column][\/vc_row]","og_url":"https:\/\/aiguaregenerada.cat\/es\/publicaciones-del-proyecto\/","og_site_name":"aiguaregenerada","article_modified_time":"2022-08-05T07:40:08+00:00","twitter_card":"summary_large_image","twitter_misc":{"Tiempo de lectura":"1 minuto"},"schema":{"@context":"https:\/\/schema.org","@graph":[{"@type":"WebPage","@id":"https:\/\/aiguaregenerada.cat\/es\/publicaciones-del-proyecto\/","url":"https:\/\/aiguaregenerada.cat\/es\/publicaciones-del-proyecto\/","name":"Publicaciones del proyecto - aiguaregenerada","isPartOf":{"@id":"https:\/\/aiguaregenerada.cat\/#website"},"datePublished":"2021-03-11T15:50:00+00:00","dateModified":"2022-08-05T07:40:08+00:00","breadcrumb":{"@id":"https:\/\/aiguaregenerada.cat\/es\/publicaciones-del-proyecto\/#breadcrumb"},"inLanguage":"es","potentialAction":[{"@type":"ReadAction","target":["https:\/\/aiguaregenerada.cat\/es\/publicaciones-del-proyecto\/"]}]},{"@type":"BreadcrumbList","@id":"https:\/\/aiguaregenerada.cat\/es\/publicaciones-del-proyecto\/#breadcrumb","itemListElement":[{"@type":"ListItem","position":1,"name":"Inici","item":"https:\/\/aiguaregenerada.cat\/es\/"},{"@type":"ListItem","position":2,"name":"Publicaciones del proyecto"}]},{"@type":"WebSite","@id":"https:\/\/aiguaregenerada.cat\/#website","url":"https:\/\/aiguaregenerada.cat\/","name":"aiguaregenerada","description":"aiguaregenerada","potentialAction":[{"@type":"SearchAction","target":{"@type":"EntryPoint","urlTemplate":"https:\/\/aiguaregenerada.cat\/?s={search_term_string}"},"query-input":{"@type":"PropertyValueSpecification","valueRequired":true,"valueName":"search_term_string"}}],"inLanguage":"es"}]}},"_links":{"self":[{"href":"https:\/\/aiguaregenerada.cat\/es\/wp-json\/wp\/v2\/pages\/2548","targetHints":{"allow":["GET"]}}],"collection":[{"href":"https:\/\/aiguaregenerada.cat\/es\/wp-json\/wp\/v2\/pages"}],"about":[{"href":"https:\/\/aiguaregenerada.cat\/es\/wp-json\/wp\/v2\/types\/page"}],"author":[{"embeddable":true,"href":"https:\/\/aiguaregenerada.cat\/es\/wp-json\/wp\/v2\/users\/4"}],"replies":[{"embeddable":true,"href":"https:\/\/aiguaregenerada.cat\/es\/wp-json\/wp\/v2\/comments?post=2548"}],"version-history":[{"count":2,"href":"https:\/\/aiguaregenerada.cat\/es\/wp-json\/wp\/v2\/pages\/2548\/revisions"}],"predecessor-version":[{"id":3105,"href":"https:\/\/aiguaregenerada.cat\/es\/wp-json\/wp\/v2\/pages\/2548\/revisions\/3105"}],"wp:attachment":[{"href":"https:\/\/aiguaregenerada.cat\/es\/wp-json\/wp\/v2\/media?parent=2548"}],"curies":[{"name":"wp","href":"https:\/\/api.w.org\/{rel}","templated":true}]}}