{"id":2570,"date":"2021-03-11T15:06:25","date_gmt":"2021-03-11T15:06:25","guid":{"rendered":"https:\/\/aiguaregenerada.cat\/casos-estudi\/"},"modified":"2022-02-07T14:53:55","modified_gmt":"2022-02-07T14:53:55","slug":"casos-estudio","status":"publish","type":"page","link":"https:\/\/aiguaregenerada.cat\/es\/casos-estudio\/","title":{"rendered":"Casos de estudio"},"content":{"rendered":"<div class=\"wpb-content-wrapper\"><p>[vc_row][vc_column][vc_column_text]<\/p>\n<p>Dentro del proyecto SUGGEREIX y a partir de los datos facilitados por el ACA, se realizar\u00e1 un recopilatorio de esquemas de reutilizaci\u00f3n en Catalu\u00f1a incluyendo, siempre que sea posible, los usos de agua regenerada, las tecnolog\u00edas que se aplican para el tratamiento (a nivel europeo y mundial) y la monitorizaci\u00f3n que se hace para garantizar la calidad en base a la normativa vigente en cada caso.<\/p>\n<p>[\/vc_column_text][\/vc_column][\/vc_row][vc_row][vc_column width=\u00bb1\/3&#8243;][vc_single_image image=\u00bb2272&#8243; img_size=\u00bbfull\u00bb]<div class=\"aio-icon-component    style_1\"><div id=\"Info-box-wrap-7205\" class=\"aio-icon-box default-icon\" style=\"\"  ><div class=\"aio-icon-header\" ><h3 class=\"aio-icon-title ult-responsive\"  data-ultimate-target='#Info-box-wrap-7205 .aio-icon-title'  data-responsive-json-new='{\"font-size\":\"desktop:20px;\",\"line-height\":\"desktop:30px;\"}'  style=\"\">Estaci\u00f3n regeneradora de aguas del Baix Llobregat<\/h3><\/div> <!-- header --><div class=\"aio-icon-description ult-responsive\"  data-ultimate-target='#Info-box-wrap-7205 .aio-icon-description'  data-responsive-json-new='{\"font-size\":\"\",\"line-height\":\"\"}'  style=\"\"><\/p>\n<p>Es una de las instalaciones de regeneraci\u00f3n de agua m\u00e1s grandes de Europa y produce dos calidades de agua, para uso agr\u00edcola y para la recarga de acu\u00edferos. Garantizar la calidad de estas aguas es un factor clave para satisfacer la demanda de agua en la zona metropolitana y evitar la intrusi\u00f3n salina en los acu\u00edferos.<\/p>\n<p><\/div> <!-- description --><\/div> <!-- aio-icon-box --><\/div> <!-- aio-icon-component -->[vc_empty_space][vc_btn title=\u00bbM\u00e1s informaci\u00f3n\u00bb link=\u00bburl:https%3A%2F%2Fwww.amb.cat%2Fes%2Fweb%2Fecologia%2Faigua%2Finstalacions-i-equipaments%2Fdetall%2F-%2Fequipament%2Fera-del-prat-de-llobregat%2F360457%2F11818%3F_EquipamentSearchListPortlet_WAR_AMBSearchPortletportlet_pageNum%3D1%26_EquipamentSearchListPortlet_WAR_AMBSearchPortletportlet_format%3Dmap%26_EquipamentSearchListPortlet_WAR_AMBSearchPortletportlet_-restringit_view_schedule%3Dnull%26_EquipamentSearchListPortlet_WAR_AMBSearchPortletportlet_lang%3Des_ES%26_EquipamentSearchListPortlet_WAR_AMBSearchPortletportlet_subambit%3Dmedi_ambient.aigua_regeneracio%26_EquipamentSearchListPortlet_WAR_AMBSearchPortletportlet_detailBackURL%3D%2525252Fes%2525252Fweb%2525252Fmedi-ambient%2525252Faigua%2525252Finstalacions-i-equipaments%2525252Fllistat%26_EquipamentSearchListPortlet_WAR_AMBSearchPortletportlet_type%3Dmedi_ambient.aigua_regeneracio|target:_blank\u00bb][\/vc_column][vc_column width=\u00bb1\/3&#8243;][vc_single_image image=\u00bb2276&#8243; img_size=\u00bbfull\u00bb]<div class=\"aio-icon-component    style_1\"><div id=\"Info-box-wrap-6815\" class=\"aio-icon-box default-icon\" style=\"\"  ><div class=\"aio-icon-header\" ><h3 class=\"aio-icon-title ult-responsive\"  data-ultimate-target='#Info-box-wrap-6815 .aio-icon-title'  data-responsive-json-new='{\"font-size\":\"desktop:20px;\",\"line-height\":\"desktop:30px;\"}'  style=\"\">Sistema de depuraci\u00f3n y reutilizaci\u00f3n de Tossa de Mar<\/h3><\/div> <!-- header --><div class=\"aio-icon-description ult-responsive\"  data-ultimate-target='#Info-box-wrap-6815 .aio-icon-description'  data-responsive-json-new='{\"font-size\":\"\",\"line-height\":\"\"}'  style=\"\"><\/p>\n<p>En una poblaci\u00f3n que aumenta m\u00e1s de 10 veces el n\u00famero de habitantes durante el verano, este sistema funciona de manera discontinua a partir de la depuradora para aportar agua para el riego de zonas verdes p\u00fablicas, limpieza de calles y mantenimiento de cabdal ecol\u00f3gico en la riera de Tossa.<\/p>\n<p><\/div> <!-- description --><\/div> <!-- aio-icon-box --><\/div> <!-- aio-icon-component -->[vc_empty_space][vc_btn title=\u00bbM\u00e1s informaci\u00f3n\u00bb link=\u00bburl:https%3A%2F%2Fwww.cacbgi.cat%2Fedar%2Ftossa-de-mar-2%2F|target:_blank\u00bb][\/vc_column][vc_column width=\u00bb1\/3&#8243;][vc_single_image image=\u00bb2279&#8243; img_size=\u00bbfull\u00bb]<div class=\"aio-icon-component    style_1\"><div id=\"Info-box-wrap-5533\" class=\"aio-icon-box default-icon\" style=\"\"  ><div class=\"aio-icon-header\" ><h3 class=\"aio-icon-title ult-responsive\"  data-ultimate-target='#Info-box-wrap-5533 .aio-icon-title'  data-responsive-json-new='{\"font-size\":\"desktop:20px;\",\"line-height\":\"desktop:30px;\"}'  style=\"\">Hotel Samba de Lloret de Mar<\/h3><\/div> <!-- header --><div class=\"aio-icon-description ult-responsive\"  data-ultimate-target='#Info-box-wrap-5533 .aio-icon-description'  data-responsive-json-new='{\"font-size\":\"\",\"line-height\":\"\"}'  style=\"\"><\/p>\n<p>Es un gran complejo hotelero con 441 habitaciones, zonas verdes y piscina exterior. Anteriormente ha participado en un proyecto para implementar tecnolog\u00edas innovadoras de reutilizaci\u00f3n. Por lo tanto, es un excelente caso de estudio para fomentar la reutilizaci\u00f3n para hacer frente al argumento de demanda en instalaciones tur\u00edsticas.<\/p>\n<p><\/div> <!-- description --><\/div> <!-- aio-icon-box --><\/div> <!-- aio-icon-component -->[vc_empty_space][vc_btn title=\u00bbM\u00e1s informaci\u00f3n\u00bb link=\u00bburl:https%3A%2F%2Fwww.sambahotels.com%2Fes%2Fsamba-hotels-con-el-medio-ambiente|target:_blank\u00bb][\/vc_column][\/vc_row]<\/p>\n<\/div>","protected":false},"excerpt":{"rendered":"<p>[vc_row][vc_column][vc_column_text] Dentro del proyecto SUGGEREIX y a partir de los datos facilitados por el ACA, se realizar\u00e1 un recopilatorio de esquemas de reutilizaci\u00f3n en Catalu\u00f1a incluyendo, siempre que sea posible, los usos de agua regenerada, las tecnolog\u00edas que se aplican para el tratamiento (a nivel europeo y mundial) y la monitorizaci\u00f3n que se hace para&hellip;<\/p>\n","protected":false},"author":4,"featured_media":0,"parent":0,"menu_order":0,"comment_status":"closed","ping_status":"closed","template":"","meta":{"footnotes":""},"class_list":["post-2570","page","type-page","status-publish","hentry","description-off"],"yoast_head":"<!-- This site is optimized with the Yoast SEO plugin v27.4 - https:\/\/yoast.com\/product\/yoast-seo-wordpress\/ -->\n<title>Casos de estudio - aiguaregenerada<\/title>\n<meta name=\"robots\" content=\"index, follow, max-snippet:-1, max-image-preview:large, max-video-preview:-1\" \/>\n<link rel=\"canonical\" href=\"https:\/\/aiguaregenerada.cat\/es\/casos-estudio\/\" \/>\n<meta property=\"og:locale\" content=\"es_ES\" \/>\n<meta property=\"og:type\" content=\"article\" \/>\n<meta property=\"og:title\" content=\"Casos de estudio - aiguaregenerada\" \/>\n<meta property=\"og:description\" content=\"[vc_row][vc_column][vc_column_text] Dentro del proyecto SUGGEREIX y a partir de los datos facilitados por el ACA, se realizar\u00e1 un recopilatorio de esquemas de reutilizaci\u00f3n en Catalu\u00f1a incluyendo, siempre que sea posible, los usos de agua regenerada, las tecnolog\u00edas que se aplican para el tratamiento (a nivel europeo y mundial) y la monitorizaci\u00f3n que se hace para&hellip;\" \/>\n<meta property=\"og:url\" content=\"https:\/\/aiguaregenerada.cat\/es\/casos-estudio\/\" \/>\n<meta property=\"og:site_name\" content=\"aiguaregenerada\" \/>\n<meta property=\"article:modified_time\" content=\"2022-02-07T14:53:55+00:00\" \/>\n<meta name=\"twitter:card\" content=\"summary_large_image\" \/>\n<meta name=\"twitter:label1\" content=\"Tiempo de lectura\" \/>\n\t<meta name=\"twitter:data1\" content=\"2 minutos\" \/>\n<script type=\"application\/ld+json\" class=\"yoast-schema-graph\">{\"@context\":\"https:\\\/\\\/schema.org\",\"@graph\":[{\"@type\":\"WebPage\",\"@id\":\"https:\\\/\\\/aiguaregenerada.cat\\\/es\\\/casos-estudio\\\/\",\"url\":\"https:\\\/\\\/aiguaregenerada.cat\\\/es\\\/casos-estudio\\\/\",\"name\":\"Casos de estudio - aiguaregenerada\",\"isPartOf\":{\"@id\":\"https:\\\/\\\/aiguaregenerada.cat\\\/#website\"},\"datePublished\":\"2021-03-11T15:06:25+00:00\",\"dateModified\":\"2022-02-07T14:53:55+00:00\",\"breadcrumb\":{\"@id\":\"https:\\\/\\\/aiguaregenerada.cat\\\/es\\\/casos-estudio\\\/#breadcrumb\"},\"inLanguage\":\"es\",\"potentialAction\":[{\"@type\":\"ReadAction\",\"target\":[\"https:\\\/\\\/aiguaregenerada.cat\\\/es\\\/casos-estudio\\\/\"]}]},{\"@type\":\"BreadcrumbList\",\"@id\":\"https:\\\/\\\/aiguaregenerada.cat\\\/es\\\/casos-estudio\\\/#breadcrumb\",\"itemListElement\":[{\"@type\":\"ListItem\",\"position\":1,\"name\":\"Inici\",\"item\":\"https:\\\/\\\/aiguaregenerada.cat\\\/es\\\/\"},{\"@type\":\"ListItem\",\"position\":2,\"name\":\"Casos de estudio\"}]},{\"@type\":\"WebSite\",\"@id\":\"https:\\\/\\\/aiguaregenerada.cat\\\/#website\",\"url\":\"https:\\\/\\\/aiguaregenerada.cat\\\/\",\"name\":\"aiguaregenerada\",\"description\":\"aiguaregenerada\",\"potentialAction\":[{\"@type\":\"SearchAction\",\"target\":{\"@type\":\"EntryPoint\",\"urlTemplate\":\"https:\\\/\\\/aiguaregenerada.cat\\\/?s={search_term_string}\"},\"query-input\":{\"@type\":\"PropertyValueSpecification\",\"valueRequired\":true,\"valueName\":\"search_term_string\"}}],\"inLanguage\":\"es\"}]}<\/script>\n<!-- \/ Yoast SEO plugin. -->","yoast_head_json":{"title":"Casos de estudio - aiguaregenerada","robots":{"index":"index","follow":"follow","max-snippet":"max-snippet:-1","max-image-preview":"max-image-preview:large","max-video-preview":"max-video-preview:-1"},"canonical":"https:\/\/aiguaregenerada.cat\/es\/casos-estudio\/","og_locale":"es_ES","og_type":"article","og_title":"Casos de estudio - aiguaregenerada","og_description":"[vc_row][vc_column][vc_column_text] Dentro del proyecto SUGGEREIX y a partir de los datos facilitados por el ACA, se realizar\u00e1 un recopilatorio de esquemas de reutilizaci\u00f3n en Catalu\u00f1a incluyendo, siempre que sea posible, los usos de agua regenerada, las tecnolog\u00edas que se aplican para el tratamiento (a nivel europeo y mundial) y la monitorizaci\u00f3n que se hace para&hellip;","og_url":"https:\/\/aiguaregenerada.cat\/es\/casos-estudio\/","og_site_name":"aiguaregenerada","article_modified_time":"2022-02-07T14:53:55+00:00","twitter_card":"summary_large_image","twitter_misc":{"Tiempo de lectura":"2 minutos"},"schema":{"@context":"https:\/\/schema.org","@graph":[{"@type":"WebPage","@id":"https:\/\/aiguaregenerada.cat\/es\/casos-estudio\/","url":"https:\/\/aiguaregenerada.cat\/es\/casos-estudio\/","name":"Casos de estudio - aiguaregenerada","isPartOf":{"@id":"https:\/\/aiguaregenerada.cat\/#website"},"datePublished":"2021-03-11T15:06:25+00:00","dateModified":"2022-02-07T14:53:55+00:00","breadcrumb":{"@id":"https:\/\/aiguaregenerada.cat\/es\/casos-estudio\/#breadcrumb"},"inLanguage":"es","potentialAction":[{"@type":"ReadAction","target":["https:\/\/aiguaregenerada.cat\/es\/casos-estudio\/"]}]},{"@type":"BreadcrumbList","@id":"https:\/\/aiguaregenerada.cat\/es\/casos-estudio\/#breadcrumb","itemListElement":[{"@type":"ListItem","position":1,"name":"Inici","item":"https:\/\/aiguaregenerada.cat\/es\/"},{"@type":"ListItem","position":2,"name":"Casos de estudio"}]},{"@type":"WebSite","@id":"https:\/\/aiguaregenerada.cat\/#website","url":"https:\/\/aiguaregenerada.cat\/","name":"aiguaregenerada","description":"aiguaregenerada","potentialAction":[{"@type":"SearchAction","target":{"@type":"EntryPoint","urlTemplate":"https:\/\/aiguaregenerada.cat\/?s={search_term_string}"},"query-input":{"@type":"PropertyValueSpecification","valueRequired":true,"valueName":"search_term_string"}}],"inLanguage":"es"}]}},"_links":{"self":[{"href":"https:\/\/aiguaregenerada.cat\/es\/wp-json\/wp\/v2\/pages\/2570","targetHints":{"allow":["GET"]}}],"collection":[{"href":"https:\/\/aiguaregenerada.cat\/es\/wp-json\/wp\/v2\/pages"}],"about":[{"href":"https:\/\/aiguaregenerada.cat\/es\/wp-json\/wp\/v2\/types\/page"}],"author":[{"embeddable":true,"href":"https:\/\/aiguaregenerada.cat\/es\/wp-json\/wp\/v2\/users\/4"}],"replies":[{"embeddable":true,"href":"https:\/\/aiguaregenerada.cat\/es\/wp-json\/wp\/v2\/comments?post=2570"}],"version-history":[{"count":2,"href":"https:\/\/aiguaregenerada.cat\/es\/wp-json\/wp\/v2\/pages\/2570\/revisions"}],"predecessor-version":[{"id":2605,"href":"https:\/\/aiguaregenerada.cat\/es\/wp-json\/wp\/v2\/pages\/2570\/revisions\/2605"}],"wp:attachment":[{"href":"https:\/\/aiguaregenerada.cat\/es\/wp-json\/wp\/v2\/media?parent=2570"}],"curies":[{"name":"wp","href":"https:\/\/api.w.org\/{rel}","templated":true}]}}